{"id":3825,"date":"2026-02-05T10:00:23","date_gmt":"2026-02-05T10:00:23","guid":{"rendered":"https:\/\/leoneicecream.com\/fussballfieber\/"},"modified":"2026-02-20T09:26:47","modified_gmt":"2026-02-20T09:26:47","slug":"fussballfieber","status":"publish","type":"page","link":"https:\/\/leoneicecream.com\/de\/fussballfieber\/","title":{"rendered":"Fu\u00dfballfieber"},"content":{"rendered":"\t\t<div data-elementor-type=\"wp-page\" data-elementor-id=\"3825\" class=\"elementor elementor-3825 elementor-3519\" data-elementor-post-type=\"page\">\n\t\t\t\t<div class=\"elementor-element elementor-element-bc72c4d e-flex e-con-boxed e-con e-parent\" data-id=\"bc72c4d\" data-element_type=\"container\" data-e-type=\"container\" data-settings=\"{&quot;background_background&quot;:&quot;classic&quot;}\">\n\t\t\t\t\t<div class=\"e-con-inner\">\n\t\t\t\t<div class=\"elementor-element elementor-element-0ad5981 elementor-widget elementor-widget-menu-anchor\" data-id=\"0ad5981\" data-element_type=\"widget\" data-e-type=\"widget\" data-widget_type=\"menu-anchor.default\">\n\t\t\t\t\t\t\t<div class=\"elementor-menu-anchor\" id=\"ball\"><\/div>\n\t\t\t\t\t\t<\/div>\n\t\t<div class=\"elementor-element elementor-element-a65814a e-con-full e-flex e-con e-child\" data-id=\"a65814a\" data-element_type=\"container\" data-e-type=\"container\">\n\t\t<div class=\"elementor-element elementor-element-8aa66d2 e-con-full e-flex e-con e-child\" data-id=\"8aa66d2\" data-element_type=\"container\" data-e-type=\"container\">\n\t\t\t\t<div class=\"elementor-element elementor-element-e46cb54 elementor-widget elementor-widget-heading\" data-id=\"e46cb54\" data-element_type=\"widget\" data-e-type=\"widget\" data-widget_type=\"heading.default\">\n\t\t\t\t\t<h1 class=\"elementor-heading-title elementor-size-default\">Ball<\/h1>\t\t\t\t<\/div>\n\t\t\t\t<div class=\"elementor-element elementor-element-64d9a25 elementor-widget elementor-widget-heading\" data-id=\"64d9a25\" data-element_type=\"widget\" data-e-type=\"widget\" data-widget_type=\"heading.default\">\n\t\t\t\t\t<h2 class=\"elementor-heading-title elementor-size-default\">Immergr\u00fcn, aber immer noch k\u00f6stlich. Wenn ein Fu\u00dfball zu einem lustigen und leckeren Eisbecher wird.<\/h2>\t\t\t\t<\/div>\n\t\t\t\t<\/div>\n\t\t<div class=\"elementor-element elementor-element-db75b6f e-con-full e-flex e-con e-child\" data-id=\"db75b6f\" data-element_type=\"container\" data-e-type=\"container\">\n\t\t\t\t<div class=\"elementor-element elementor-element-7b64c18 elementor-widget elementor-widget-image\" data-id=\"7b64c18\" data-element_type=\"widget\" data-e-type=\"widget\" data-widget_type=\"image.default\">\n\t\t\t\t\t\t\t\t\t\t\t\t\t\t\t<img fetchpriority=\"high\" decoding=\"async\" width=\"705\" height=\"557\" src=\"https:\/\/leoneicecream.com\/wp-content\/uploads\/2026\/01\/Untitled-design-53-min.png\" class=\"attachment-medium_large size-medium_large wp-image-2803\" alt=\"\" srcset=\"https:\/\/leoneicecream.com\/wp-content\/uploads\/2026\/01\/Untitled-design-53-min.png 705w, https:\/\/leoneicecream.com\/wp-content\/uploads\/2026\/01\/Untitled-design-53-min-300x237.png 300w\" sizes=\"(max-width: 705px) 100vw, 705px\" \/>\t\t\t\t\t\t\t\t\t\t\t\t\t\t\t<\/div>\n\t\t\t\t<\/div>\n\t\t\t\t<\/div>\n\t\t<div class=\"elementor-element elementor-element-fa0786b e-con-full e-flex e-con e-child\" data-id=\"fa0786b\" data-element_type=\"container\" data-e-type=\"container\">\n\t\t<div class=\"elementor-element elementor-element-eeb6f0d e-con-full e-flex e-con e-child\" data-id=\"eeb6f0d\" data-element_type=\"container\" data-e-type=\"container\">\n\t\t\t\t<div class=\"elementor-element elementor-element-564bb68 elementor-widget elementor-widget-image\" data-id=\"564bb68\" data-element_type=\"widget\" data-e-type=\"widget\" data-widget_type=\"image.default\">\n\t\t\t\t\t\t\t\t\t\t\t\t\t\t\t<img decoding=\"async\" width=\"300\" height=\"237\" src=\"https:\/\/leoneicecream.com\/wp-content\/uploads\/2026\/01\/Untitled-design-52-min-300x237.webp\" class=\"attachment-medium size-medium wp-image-2804\" alt=\"\" srcset=\"https:\/\/leoneicecream.com\/wp-content\/uploads\/2026\/01\/Untitled-design-52-min-300x237.webp 300w, https:\/\/leoneicecream.com\/wp-content\/uploads\/2026\/01\/Untitled-design-52-min.webp 376w\" sizes=\"(max-width: 300px) 100vw, 300px\" \/>\t\t\t\t\t\t\t\t\t\t\t\t\t\t\t<\/div>\n\t\t\t\t<\/div>\n\t\t<div class=\"elementor-element elementor-element-1009dd5 e-con-full e-flex e-con e-child\" data-id=\"1009dd5\" data-element_type=\"container\" data-e-type=\"container\">\n\t\t\t\t<div class=\"elementor-element elementor-element-3a6702f elementor-widget elementor-widget-heading\" data-id=\"3a6702f\" data-element_type=\"widget\" data-e-type=\"widget\" data-widget_type=\"heading.default\">\n\t\t\t\t\t<h2 class=\"elementor-heading-title elementor-size-default\"><br>Vanilleeis<\/h2>\t\t\t\t<\/div>\n\t\t\t\t<\/div>\n\t\t\t\t<\/div>\n\t\t\t\t\t<\/div>\n\t\t\t\t<\/div>\n\t\t<div class=\"elementor-element elementor-element-860a00e e-flex e-con-boxed e-con e-parent\" data-id=\"860a00e\" data-element_type=\"container\" data-e-type=\"container\" data-settings=\"{&quot;background_background&quot;:&quot;classic&quot;}\">\n\t\t\t\t\t<div class=\"e-con-inner\">\n\t\t\t\t<div class=\"elementor-element elementor-element-d02d31d elementor-widget elementor-widget-menu-anchor\" data-id=\"d02d31d\" data-element_type=\"widget\" data-e-type=\"widget\" data-widget_type=\"menu-anchor.default\">\n\t\t\t\t\t\t\t<div class=\"elementor-menu-anchor\" id=\"Fussball-Eis_am_Stiel\"><\/div>\n\t\t\t\t\t\t<\/div>\n\t\t<div class=\"elementor-element elementor-element-e190072 e-con-full e-flex e-con e-child\" data-id=\"e190072\" data-element_type=\"container\" data-e-type=\"container\">\n\t\t<div class=\"elementor-element elementor-element-cfa5635 e-con-full e-flex e-con e-child\" data-id=\"cfa5635\" data-element_type=\"container\" data-e-type=\"container\">\n\t\t\t\t<div class=\"elementor-element elementor-element-9dc0a2f elementor-widget elementor-widget-heading\" data-id=\"9dc0a2f\" data-element_type=\"widget\" data-e-type=\"widget\" data-widget_type=\"heading.default\">\n\t\t\t\t\t<h1 class=\"elementor-heading-title elementor-size-default\">Fu\u00dfball-Eis am Stiel<\/h1>\t\t\t\t<\/div>\n\t\t\t\t<div class=\"elementor-element elementor-element-d92b18f elementor-widget elementor-widget-heading\" data-id=\"d92b18f\" data-element_type=\"widget\" data-e-type=\"widget\" data-widget_type=\"heading.default\">\n\t\t\t\t\t<h2 class=\"elementor-heading-title elementor-size-default\">F\u00fcr alle kleinen Fu\u00dfballer, die nach dem Spiel eine s\u00fc\u00dfe und erfrischende Belohnung brauchen.<\/h2>\t\t\t\t<\/div>\n\t\t\t\t<div class=\"elementor-element elementor-element-298f6aa elementor-widget elementor-widget-heading\" data-id=\"298f6aa\" data-element_type=\"widget\" data-e-type=\"widget\" data-widget_type=\"heading.default\">\n\t\t\t\t\t<h2 class=\"elementor-heading-title elementor-size-default\">Vanilleeis<br><br>Schokoladeneis<\/h2>\t\t\t\t<\/div>\n\t\t\t\t<\/div>\n\t\t<div class=\"elementor-element elementor-element-55f86e9 e-con-full e-flex e-con e-child\" data-id=\"55f86e9\" data-element_type=\"container\" data-e-type=\"container\">\n\t\t\t\t<div class=\"elementor-element elementor-element-12f946b elementor-widget elementor-widget-image\" data-id=\"12f946b\" data-element_type=\"widget\" data-e-type=\"widget\" data-widget_type=\"image.default\">\n\t\t\t\t\t\t\t\t\t\t\t\t\t\t\t<img decoding=\"async\" width=\"467\" height=\"512\" src=\"https:\/\/leoneicecream.com\/wp-content\/uploads\/2026\/02\/LEONE-STICK-Football.webp\" class=\"attachment-medium_large size-medium_large wp-image-3826\" alt=\"\" srcset=\"https:\/\/leoneicecream.com\/wp-content\/uploads\/2026\/02\/LEONE-STICK-Football.webp 467w, https:\/\/leoneicecream.com\/wp-content\/uploads\/2026\/02\/LEONE-STICK-Football-274x300.webp 274w\" sizes=\"(max-width: 467px) 100vw, 467px\" \/>\t\t\t\t\t\t\t\t\t\t\t\t\t\t\t<\/div>\n\t\t\t\t<\/div>\n\t\t\t\t<\/div>\n\t\t\t\t\t<\/div>\n\t\t\t\t<\/div>\n\t\t\t\t<\/div>\n\t\t","protected":false},"excerpt":{"rendered":"<p>Ball Immergr\u00fcn, aber immer noch k\u00f6stlich. Wenn ein Fu\u00dfball zu einem lustigen und leckeren Eisbecher wird. Vanilleeis Fu\u00dfball-Eis am Stiel F\u00fcr alle kleinen Fu\u00dfballer, die nach dem Spiel eine s\u00fc\u00dfe und erfrischende Belohnung brauchen. Vanilleeis Schokoladeneis<\/p>\n","protected":false},"author":1,"featured_media":0,"parent":0,"menu_order":0,"comment_status":"closed","ping_status":"closed","template":"","meta":{"footnotes":""},"class_list":["post-3825","page","type-page","status-publish","hentry"],"yoast_head":"<!-- This site is optimized with the Yoast SEO plugin v26.8 - https:\/\/yoast.com\/product\/yoast-seo-wordpress\/ -->\n<title>Fu\u00dfballfieber - Leone sladoled<\/title>\n<meta name=\"description\" content=\"St\u00fcrz dich ins Fu\u00dfballfieber mit Eiscreme, die f\u00fcr jeden Fan des sch\u00f6nsten Spiels gemacht ist!\" \/>\n<meta name=\"robots\" content=\"index, follow, max-snippet:-1, max-image-preview:large, max-video-preview:-1\" \/>\n<link rel=\"canonical\" href=\"https:\/\/leoneicecream.com\/de\/fussballfieber\/\" \/>\n<meta property=\"og:locale\" content=\"de_DE\" \/>\n<meta property=\"og:type\" content=\"article\" \/>\n<meta property=\"og:title\" content=\"Fu\u00dfballfieber Eiscreme\" \/>\n<meta property=\"og:description\" content=\"St\u00fcrz dich ins Fu\u00dfballfieber mit Eiscreme, die f\u00fcr jeden Fan des sch\u00f6nsten Spiels gemacht ist!\" \/>\n<meta property=\"og:url\" content=\"https:\/\/leoneicecream.com\/de\/fussballfieber\/\" \/>\n<meta property=\"og:site_name\" content=\"Leone sladoled\" \/>\n<meta property=\"article:modified_time\" content=\"2026-02-20T09:26:47+00:00\" \/>\n<meta property=\"og:image\" content=\"https:\/\/leoneicecream.com\/wp-content\/uploads\/2025\/09\/PawPatrol_2023-f8340c39.png\" \/>\n<meta name=\"twitter:card\" content=\"summary_large_image\" \/>\n<meta name=\"twitter:label1\" content=\"Gesch\u00e4tzte Lesezeit\" \/>\n\t<meta name=\"twitter:data1\" content=\"1\u00a0Minute\" \/>\n<script type=\"application\/ld+json\" class=\"yoast-schema-graph\">{\"@context\":\"https:\/\/schema.org\",\"@graph\":[{\"@type\":\"WebPage\",\"@id\":\"https:\/\/leoneicecream.com\/de\/fussballfieber\/\",\"url\":\"https:\/\/leoneicecream.com\/de\/fussballfieber\/\",\"name\":\"Fu\u00dfballfieber - Leone sladoled\",\"isPartOf\":{\"@id\":\"https:\/\/leoneicecream.com\/de\/#website\"},\"primaryImageOfPage\":{\"@id\":\"https:\/\/leoneicecream.com\/de\/fussballfieber\/#primaryimage\"},\"image\":{\"@id\":\"https:\/\/leoneicecream.com\/de\/fussballfieber\/#primaryimage\"},\"thumbnailUrl\":\"https:\/\/leoneicecream.com\/wp-content\/uploads\/2026\/01\/Untitled-design-53-min.png\",\"datePublished\":\"2026-02-05T10:00:23+00:00\",\"dateModified\":\"2026-02-20T09:26:47+00:00\",\"description\":\"St\u00fcrz dich ins Fu\u00dfballfieber mit Eiscreme, die f\u00fcr jeden Fan des sch\u00f6nsten Spiels gemacht ist!\",\"breadcrumb\":{\"@id\":\"https:\/\/leoneicecream.com\/de\/fussballfieber\/#breadcrumb\"},\"inLanguage\":\"de\",\"potentialAction\":[{\"@type\":\"ReadAction\",\"target\":[\"https:\/\/leoneicecream.com\/de\/fussballfieber\/\"]}]},{\"@type\":\"ImageObject\",\"inLanguage\":\"de\",\"@id\":\"https:\/\/leoneicecream.com\/de\/fussballfieber\/#primaryimage\",\"url\":\"https:\/\/leoneicecream.com\/wp-content\/uploads\/2026\/01\/Untitled-design-53-min.png\",\"contentUrl\":\"https:\/\/leoneicecream.com\/wp-content\/uploads\/2026\/01\/Untitled-design-53-min.png\"},{\"@type\":\"BreadcrumbList\",\"@id\":\"https:\/\/leoneicecream.com\/de\/fussballfieber\/#breadcrumb\",\"itemListElement\":[{\"@type\":\"ListItem\",\"position\":1,\"name\":\"Home\",\"item\":\"https:\/\/leoneicecream.com\/de\/\"},{\"@type\":\"ListItem\",\"position\":2,\"name\":\"Fu\u00dfballfieber\"}]},{\"@type\":\"WebSite\",\"@id\":\"https:\/\/leoneicecream.com\/de\/#website\",\"url\":\"https:\/\/leoneicecream.com\/de\/\",\"name\":\"Leone sladoled\",\"description\":\"100 ljudi, 100 u\u017eitkov. In en LEONE, ki najde pot do vsakega jezika.\",\"publisher\":{\"@id\":\"https:\/\/leoneicecream.com\/de\/#organization\"},\"potentialAction\":[{\"@type\":\"SearchAction\",\"target\":{\"@type\":\"EntryPoint\",\"urlTemplate\":\"https:\/\/leoneicecream.com\/de\/?s={search_term_string}\"},\"query-input\":{\"@type\":\"PropertyValueSpecification\",\"valueRequired\":true,\"valueName\":\"search_term_string\"}}],\"inLanguage\":\"de\"},{\"@type\":\"Organization\",\"@id\":\"https:\/\/leoneicecream.com\/de\/#organization\",\"name\":\"Leone sladoled\",\"url\":\"https:\/\/leoneicecream.com\/de\/\",\"logo\":{\"@type\":\"ImageObject\",\"inLanguage\":\"de\",\"@id\":\"https:\/\/leoneicecream.com\/de\/#\/schema\/logo\/image\/\",\"url\":\"https:\/\/leoneicecream.com\/wp-content\/uploads\/2025\/09\/leone-logo-header_256px.png\",\"contentUrl\":\"https:\/\/leoneicecream.com\/wp-content\/uploads\/2025\/09\/leone-logo-header_256px.png\",\"width\":256,\"height\":256,\"caption\":\"Leone sladoled\"},\"image\":{\"@id\":\"https:\/\/leoneicecream.com\/de\/#\/schema\/logo\/image\/\"}}]}<\/script>\n<!-- \/ Yoast SEO plugin. -->","yoast_head_json":{"title":"Fu\u00dfballfieber - Leone sladoled","description":"St\u00fcrz dich ins Fu\u00dfballfieber mit Eiscreme, die f\u00fcr jeden Fan des sch\u00f6nsten Spiels gemacht ist!","robots":{"index":"index","follow":"follow","max-snippet":"max-snippet:-1","max-image-preview":"max-image-preview:large","max-video-preview":"max-video-preview:-1"},"canonical":"https:\/\/leoneicecream.com\/de\/fussballfieber\/","og_locale":"de_DE","og_type":"article","og_title":"Fu\u00dfballfieber Eiscreme","og_description":"St\u00fcrz dich ins Fu\u00dfballfieber mit Eiscreme, die f\u00fcr jeden Fan des sch\u00f6nsten Spiels gemacht ist!","og_url":"https:\/\/leoneicecream.com\/de\/fussballfieber\/","og_site_name":"Leone sladoled","article_modified_time":"2026-02-20T09:26:47+00:00","og_image":[{"url":"https:\/\/leoneicecream.com\/wp-content\/uploads\/2025\/09\/PawPatrol_2023-f8340c39.png","type":"","width":"","height":""}],"twitter_card":"summary_large_image","twitter_misc":{"Gesch\u00e4tzte Lesezeit":"1\u00a0Minute"},"schema":{"@context":"https:\/\/schema.org","@graph":[{"@type":"WebPage","@id":"https:\/\/leoneicecream.com\/de\/fussballfieber\/","url":"https:\/\/leoneicecream.com\/de\/fussballfieber\/","name":"Fu\u00dfballfieber - Leone sladoled","isPartOf":{"@id":"https:\/\/leoneicecream.com\/de\/#website"},"primaryImageOfPage":{"@id":"https:\/\/leoneicecream.com\/de\/fussballfieber\/#primaryimage"},"image":{"@id":"https:\/\/leoneicecream.com\/de\/fussballfieber\/#primaryimage"},"thumbnailUrl":"https:\/\/leoneicecream.com\/wp-content\/uploads\/2026\/01\/Untitled-design-53-min.png","datePublished":"2026-02-05T10:00:23+00:00","dateModified":"2026-02-20T09:26:47+00:00","description":"St\u00fcrz dich ins Fu\u00dfballfieber mit Eiscreme, die f\u00fcr jeden Fan des sch\u00f6nsten Spiels gemacht ist!","breadcrumb":{"@id":"https:\/\/leoneicecream.com\/de\/fussballfieber\/#breadcrumb"},"inLanguage":"de","potentialAction":[{"@type":"ReadAction","target":["https:\/\/leoneicecream.com\/de\/fussballfieber\/"]}]},{"@type":"ImageObject","inLanguage":"de","@id":"https:\/\/leoneicecream.com\/de\/fussballfieber\/#primaryimage","url":"https:\/\/leoneicecream.com\/wp-content\/uploads\/2026\/01\/Untitled-design-53-min.png","contentUrl":"https:\/\/leoneicecream.com\/wp-content\/uploads\/2026\/01\/Untitled-design-53-min.png"},{"@type":"BreadcrumbList","@id":"https:\/\/leoneicecream.com\/de\/fussballfieber\/#breadcrumb","itemListElement":[{"@type":"ListItem","position":1,"name":"Home","item":"https:\/\/leoneicecream.com\/de\/"},{"@type":"ListItem","position":2,"name":"Fu\u00dfballfieber"}]},{"@type":"WebSite","@id":"https:\/\/leoneicecream.com\/de\/#website","url":"https:\/\/leoneicecream.com\/de\/","name":"Leone sladoled","description":"100 ljudi, 100 u\u017eitkov. In en LEONE, ki najde pot do vsakega jezika.","publisher":{"@id":"https:\/\/leoneicecream.com\/de\/#organization"},"potentialAction":[{"@type":"SearchAction","target":{"@type":"EntryPoint","urlTemplate":"https:\/\/leoneicecream.com\/de\/?s={search_term_string}"},"query-input":{"@type":"PropertyValueSpecification","valueRequired":true,"valueName":"search_term_string"}}],"inLanguage":"de"},{"@type":"Organization","@id":"https:\/\/leoneicecream.com\/de\/#organization","name":"Leone sladoled","url":"https:\/\/leoneicecream.com\/de\/","logo":{"@type":"ImageObject","inLanguage":"de","@id":"https:\/\/leoneicecream.com\/de\/#\/schema\/logo\/image\/","url":"https:\/\/leoneicecream.com\/wp-content\/uploads\/2025\/09\/leone-logo-header_256px.png","contentUrl":"https:\/\/leoneicecream.com\/wp-content\/uploads\/2025\/09\/leone-logo-header_256px.png","width":256,"height":256,"caption":"Leone sladoled"},"image":{"@id":"https:\/\/leoneicecream.com\/de\/#\/schema\/logo\/image\/"}}]}},"_links":{"self":[{"href":"https:\/\/leoneicecream.com\/de\/wp-json\/wp\/v2\/pages\/3825","targetHints":{"allow":["GET"]}}],"collection":[{"href":"https:\/\/leoneicecream.com\/de\/wp-json\/wp\/v2\/pages"}],"about":[{"href":"https:\/\/leoneicecream.com\/de\/wp-json\/wp\/v2\/types\/page"}],"author":[{"embeddable":true,"href":"https:\/\/leoneicecream.com\/de\/wp-json\/wp\/v2\/users\/1"}],"replies":[{"embeddable":true,"href":"https:\/\/leoneicecream.com\/de\/wp-json\/wp\/v2\/comments?post=3825"}],"version-history":[{"count":8,"href":"https:\/\/leoneicecream.com\/de\/wp-json\/wp\/v2\/pages\/3825\/revisions"}],"predecessor-version":[{"id":4147,"href":"https:\/\/leoneicecream.com\/de\/wp-json\/wp\/v2\/pages\/3825\/revisions\/4147"}],"wp:attachment":[{"href":"https:\/\/leoneicecream.com\/de\/wp-json\/wp\/v2\/media?parent=3825"}],"curies":[{"name":"wp","href":"https:\/\/api.w.org\/{rel}","templated":true}]}}