{"id":1199,"date":"2025-09-15T11:36:22","date_gmt":"2025-09-15T11:36:22","guid":{"rendered":"https:\/\/leoneicecream.com\/allgemeine-geschaeftsbedingungen\/"},"modified":"2025-09-26T12:01:18","modified_gmt":"2025-09-26T12:01:18","slug":"allgemeine-geschaeftsbedingungen","status":"publish","type":"page","link":"https:\/\/leoneicecream.com\/de\/allgemeine-geschaeftsbedingungen\/","title":{"rendered":"Allgemeine Gesch\u00e4ftsbedingungen"},"content":{"rendered":"\t\t<div data-elementor-type=\"wp-page\" data-elementor-id=\"1199\" class=\"elementor elementor-1199 elementor-847\" data-elementor-post-type=\"page\">\n\t\t\t\t<div class=\"elementor-element elementor-element-c0771c9 e-flex e-con-boxed e-con e-parent\" data-id=\"c0771c9\" data-element_type=\"container\" data-e-type=\"container\" data-settings=\"{&quot;background_background&quot;:&quot;classic&quot;}\">\n\t\t\t\t\t<div class=\"e-con-inner\">\n\t\t\t\t<div class=\"elementor-element elementor-element-137ba58 elementor-widget elementor-widget-heading\" data-id=\"137ba58\" data-element_type=\"widget\" data-e-type=\"widget\" data-widget_type=\"heading.default\">\n\t\t\t\t\t<h1 class=\"elementor-heading-title elementor-size-default\">Allgemeine Gesch\u00e4ftsbedingungen<\/h1>\t\t\t\t<\/div>\n\t\t\t\t<div class=\"elementor-element elementor-element-4397cf5 elementor-widget elementor-widget-text-editor\" data-id=\"4397cf5\" data-element_type=\"widget\" data-e-type=\"widget\" data-widget_type=\"text-editor.default\">\n\t\t\t\t\t\t\t\t\t<p class=\"m-size-13 size-16\"><span class=\"font-size-16 m-font-size-13\">Incom d.o.o. ist ein Unternehmen, das sich auf die Herstellung von Speiseeis und anderen tiefgek\u00fchlten Lebensmittelerzeugnissen spezialisiert hat. Leone ist eine seiner Marken. <\/span><\/p><p class=\"m-size-13 size-16\"><span class=\"font-size-16 m-font-size-13\">Der Zweck der Website leoneicecream.com ist es, die Marke Leone sowie ihre Produkte, Neuigkeiten und Philosophie im Internet zu pr\u00e4sentieren und unsere Marke f\u00fcr alle Interessierten zug\u00e4nglich und erkennbar zu machen. Alle Informationen, Inhalte und Materialien auf dieser Seite dienen ausschlie\u00dflich der Pr\u00e4sentation. <\/span><\/p><p class=\"m-size-13 size-16\"><strong><span class=\"font-size-16 m-font-size-13\">Nutzungsbedingungen<\/span><\/strong><\/p><p class=\"m-size-13 size-16\"><span class=\"font-size-16 m-font-size-13\">Diese allgemeinen Gesch\u00e4ftsbedingungen regeln die Rechte und Pflichten zwischen der Firma Incom d.o.o. und den Nutzern der Website leoneicecream.com. Mit der Nutzung der Website leoneicecream.com best\u00e4tigt jeder Nutzer, dass er mit diesen Bedingungen vertraut ist und ihnen in vollem Umfang zustimmt. <\/span><\/p><p class=\"m-size-13 size-16\"><strong><span class=\"font-size-16 m-font-size-13\">Urheberrechte<\/span><\/strong><\/p><p class=\"m-size-13 size-16\"><span class=\"font-size-16 m-font-size-13\">Alle Rechte an der Hauptseite sowie an allen Unterseiten dieser Website leoneicecream.com sind vorbehalten. Die Informationen, Inhalte, Fotos, Videos und anderen Materialien auf dieser Website sind durch die geistigen Eigentumsrechte des Eigent\u00fcmers gesch\u00fctzt. Incom d.o.o. ist alleiniger Inhaber dieser Rechte. Die auf dieser Website dargestellten Informationen, Inhalte und Materialien d\u00fcrfen vom Internet f\u00fcr den pers\u00f6nlichen Gebrauch der Besucher heruntergeladen werden, jedoch d\u00fcrfen Hinweise auf Urheberrechte, andere Mitteilungen \u00fcber geistige Eigentumsrechte oder sonstige Rechte nicht ver\u00e4ndert werden.   <\/span><\/p><p class=\"m-size-13 size-16\"><span class=\"font-size-16 m-font-size-13\">Das Herunterladen und Ausdrucken von Informationen, Inhalten und Materialien zum Zwecke der Ansicht und Lekt\u00fcre f\u00fcr nichtkommerzielle Zwecke ist erlaubt. Jede sonstige Vervielf\u00e4ltigung, Verbreitung, erneute Ver\u00f6ffentlichung, Ver\u00e4nderung der auf dieser Website bereitgestellten Informationen und Materialien oder der Versand per E-Mail sowie jede sonstige Form der Weitergabe ohne vorherige schriftliche Genehmigung ist untersagt. Ebenfalls untersagt ist die Nutzung weiterer Elemente der Website www.leoneicecream.com zu anderen Zwecken als zur pers\u00f6nlichen, nichtkommerziellen und privaten Nutzung. Wenn Sie Rechte zur Verbreitung, Vervielf\u00e4ltigung, Ver\u00e4nderung oder erneuten Ver\u00f6ffentlichung irgendwelcher Informationen oder Materialien erhalten m\u00f6chten, kontaktieren Sie uns bitte unter leone@leone.si.   <\/span><\/p><p class=\"m-size-13 size-16\"><strong><span class=\"font-size-16 m-font-size-13\">Haftungsbeschr\u00e4nkung<\/span><\/strong><\/p><p class=\"m-size-13 size-16\"><span class=\"font-size-16 m-font-size-13\">Der Inhaber und seine Agentur bem\u00fchen sich um einen reibungslosen Betrieb der Website, \u00fcbernehmen jedoch keine Haftung und geben keine Garantie f\u00fcr deren st\u00e4ndige und ununterbrochene Nutzung. Im Falle von Problemen kontaktieren Sie uns bitte unter leone@leone.si <\/span><\/p><p class=\"m-size-13 size-16\"><span class=\"font-size-16 m-font-size-13\">Alle Nutzer verwenden die Website auf eigenes Risiko. Weder der Inhaber noch irgendeine andere nat\u00fcrliche oder juristische Person, die an der Erstellung, Gestaltung oder Umsetzung der Website beteiligt war oder ist, \u00fcbernehmen Verantwortung f\u00fcr Sch\u00e4den, die aus dem Zugang, der Nutzung oder der Unm\u00f6glichkeit der Nutzung der auf der Website enthaltenen Informationen und Materialien oder aus Fehlern bzw. M\u00e4ngeln in deren Inhalt entstehen k\u00f6nnten. <\/span><\/p><p class=\"m-size-13 size-16\"><span class=\"font-size-16 m-font-size-13\">Der Inhaber \u00fcbernimmt ebenfalls keine Haftung f\u00fcr Sch\u00e4den (einschlie\u00dflich Sch\u00e4den durch Viren) an Computerausr\u00fcstung, Mobiltelefonen oder sonstigen Ger\u00e4ten, mit denen auf diese Website zugegriffen und sie betrachtet werden kann.<\/span><\/p><p class=\"m-size-13 size-16\"><span class=\"font-size-16 m-font-size-13\">Der Inhaber haftet nicht f\u00fcr Sch\u00e4den jeglicher Art, die durch die Nutzung oder die Unm\u00f6glichkeit der Nutzung dieser Website entstehen.<\/span><\/p><p class=\"m-size-13 size-16\"><strong><span class=\"font-size-16 m-font-size-13\">Schlussbestimmungen<\/span><\/strong><\/p><p class=\"m-size-13 size-16\"><span class=\"font-size-16 m-font-size-13\">Etwaige Streitigkeiten werden g\u00fctlich beigelegt; ist dies nicht m\u00f6glich, ist f\u00fcr die Beilegung von Streitigkeiten ausschlie\u00dflich das Gericht in Ljubljana zust\u00e4ndig.<\/span><\/p><p class=\"m-size-13 size-16\"><span class=\"font-size-16 m-font-size-13\">Diese Allgemeinen Gesch\u00e4ftsbedingungen treten am Tag ihrer Ver\u00f6ffentlichung auf der Website leoneicecream.com in Kraft. Der Inhaber kann die Allgemeinen Gesch\u00e4ftsbedingungen nach eigenem Ermessen und jederzeit \u00e4ndern, stellt dabei jedoch sicher, dass die vorgesehenen \u00c4nderungen mit den Allgemeinen Gesch\u00e4ftsbedingungen im Einklang stehen und alle Mitglieder \u00fcber wesentliche \u00c4nderungen mindestens 15 Tage vor deren Inkrafttreten informiert werden. <\/span><\/p><p class=\"m-size-13 text-align-left size-16\"><span class=\"font-size-16 m-font-size-13\">Wenn Sie Anmerkungen oder Fragen zu den Nutzungsbedingungen haben, kontaktieren Sie uns bitte \u00fcber unser Kontaktformular oder direkt unter leone@leone.si.<\/span><\/p>\t\t\t\t\t\t\t\t<\/div>\n\t\t\t\t\t<\/div>\n\t\t\t\t<\/div>\n\t\t\t\t<\/div>\n\t\t","protected":false},"excerpt":{"rendered":"<p>Allgemeine Gesch\u00e4ftsbedingungen Incom d.o.o. ist ein Unternehmen, das sich auf die Herstellung von Speiseeis und anderen tiefgek\u00fchlten Lebensmittelerzeugnissen spezialisiert hat. Leone ist eine seiner Marken. Der Zweck der Website leoneicecream.com ist es, die Marke Leone sowie ihre Produkte, Neuigkeiten und Philosophie im Internet zu pr\u00e4sentieren und unsere Marke f\u00fcr alle Interessierten zug\u00e4nglich und erkennbar zu [&hellip;]<\/p>\n","protected":false},"author":1,"featured_media":0,"parent":0,"menu_order":0,"comment_status":"closed","ping_status":"closed","template":"","meta":{"footnotes":""},"class_list":["post-1199","page","type-page","status-publish","hentry"],"yoast_head":"<!-- This site is optimized with the Yoast SEO plugin v26.8 - https:\/\/yoast.com\/product\/yoast-seo-wordpress\/ -->\n<title>Allgemeine Gesch\u00e4ftsbedingungen - Leone sladoled<\/title>\n<meta name=\"robots\" content=\"index, follow, max-snippet:-1, max-image-preview:large, max-video-preview:-1\" \/>\n<link rel=\"canonical\" href=\"https:\/\/leoneicecream.com\/de\/allgemeine-geschaeftsbedingungen\/\" \/>\n<meta property=\"og:locale\" content=\"de_DE\" \/>\n<meta property=\"og:type\" content=\"article\" \/>\n<meta property=\"og:title\" content=\"Allgemeine Gesch\u00e4ftsbedingungen - Leone sladoled\" \/>\n<meta property=\"og:description\" content=\"Allgemeine Gesch\u00e4ftsbedingungen Incom d.o.o. ist ein Unternehmen, das sich auf die Herstellung von Speiseeis und anderen tiefgek\u00fchlten Lebensmittelerzeugnissen spezialisiert hat. Leone ist eine seiner Marken. Der Zweck der Website leoneicecream.com ist es, die Marke Leone sowie ihre Produkte, Neuigkeiten und Philosophie im Internet zu pr\u00e4sentieren und unsere Marke f\u00fcr alle Interessierten zug\u00e4nglich und erkennbar zu [&hellip;]\" \/>\n<meta property=\"og:url\" content=\"https:\/\/leoneicecream.com\/de\/allgemeine-geschaeftsbedingungen\/\" \/>\n<meta property=\"og:site_name\" content=\"Leone sladoled\" \/>\n<meta property=\"article:modified_time\" content=\"2025-09-26T12:01:18+00:00\" \/>\n<meta name=\"twitter:card\" content=\"summary_large_image\" \/>\n<meta name=\"twitter:label1\" content=\"Gesch\u00e4tzte Lesezeit\" \/>\n\t<meta name=\"twitter:data1\" content=\"3\u00a0Minuten\" \/>\n<script type=\"application\/ld+json\" class=\"yoast-schema-graph\">{\"@context\":\"https:\/\/schema.org\",\"@graph\":[{\"@type\":\"WebPage\",\"@id\":\"https:\/\/leoneicecream.com\/de\/allgemeine-geschaeftsbedingungen\/\",\"url\":\"https:\/\/leoneicecream.com\/de\/allgemeine-geschaeftsbedingungen\/\",\"name\":\"Allgemeine Gesch\u00e4ftsbedingungen - Leone sladoled\",\"isPartOf\":{\"@id\":\"https:\/\/leoneicecream.com\/de\/#website\"},\"datePublished\":\"2025-09-15T11:36:22+00:00\",\"dateModified\":\"2025-09-26T12:01:18+00:00\",\"breadcrumb\":{\"@id\":\"https:\/\/leoneicecream.com\/de\/allgemeine-geschaeftsbedingungen\/#breadcrumb\"},\"inLanguage\":\"de\",\"potentialAction\":[{\"@type\":\"ReadAction\",\"target\":[\"https:\/\/leoneicecream.com\/de\/allgemeine-geschaeftsbedingungen\/\"]}]},{\"@type\":\"BreadcrumbList\",\"@id\":\"https:\/\/leoneicecream.com\/de\/allgemeine-geschaeftsbedingungen\/#breadcrumb\",\"itemListElement\":[{\"@type\":\"ListItem\",\"position\":1,\"name\":\"Home\",\"item\":\"https:\/\/leoneicecream.com\/de\/\"},{\"@type\":\"ListItem\",\"position\":2,\"name\":\"Allgemeine Gesch\u00e4ftsbedingungen\"}]},{\"@type\":\"WebSite\",\"@id\":\"https:\/\/leoneicecream.com\/de\/#website\",\"url\":\"https:\/\/leoneicecream.com\/de\/\",\"name\":\"Leone sladoled\",\"description\":\"100 ljudi, 100 u\u017eitkov. In en LEONE, ki najde pot do vsakega jezika.\",\"publisher\":{\"@id\":\"https:\/\/leoneicecream.com\/de\/#organization\"},\"potentialAction\":[{\"@type\":\"SearchAction\",\"target\":{\"@type\":\"EntryPoint\",\"urlTemplate\":\"https:\/\/leoneicecream.com\/de\/?s={search_term_string}\"},\"query-input\":{\"@type\":\"PropertyValueSpecification\",\"valueRequired\":true,\"valueName\":\"search_term_string\"}}],\"inLanguage\":\"de\"},{\"@type\":\"Organization\",\"@id\":\"https:\/\/leoneicecream.com\/de\/#organization\",\"name\":\"Leone sladoled\",\"url\":\"https:\/\/leoneicecream.com\/de\/\",\"logo\":{\"@type\":\"ImageObject\",\"inLanguage\":\"de\",\"@id\":\"https:\/\/leoneicecream.com\/de\/#\/schema\/logo\/image\/\",\"url\":\"https:\/\/leoneicecream.com\/wp-content\/uploads\/2025\/09\/leone-logo-header_256px.png\",\"contentUrl\":\"https:\/\/leoneicecream.com\/wp-content\/uploads\/2025\/09\/leone-logo-header_256px.png\",\"width\":256,\"height\":256,\"caption\":\"Leone sladoled\"},\"image\":{\"@id\":\"https:\/\/leoneicecream.com\/de\/#\/schema\/logo\/image\/\"}}]}<\/script>\n<!-- \/ Yoast SEO plugin. -->","yoast_head_json":{"title":"Allgemeine Gesch\u00e4ftsbedingungen - Leone sladoled","robots":{"index":"index","follow":"follow","max-snippet":"max-snippet:-1","max-image-preview":"max-image-preview:large","max-video-preview":"max-video-preview:-1"},"canonical":"https:\/\/leoneicecream.com\/de\/allgemeine-geschaeftsbedingungen\/","og_locale":"de_DE","og_type":"article","og_title":"Allgemeine Gesch\u00e4ftsbedingungen - Leone sladoled","og_description":"Allgemeine Gesch\u00e4ftsbedingungen Incom d.o.o. ist ein Unternehmen, das sich auf die Herstellung von Speiseeis und anderen tiefgek\u00fchlten Lebensmittelerzeugnissen spezialisiert hat. Leone ist eine seiner Marken. Der Zweck der Website leoneicecream.com ist es, die Marke Leone sowie ihre Produkte, Neuigkeiten und Philosophie im Internet zu pr\u00e4sentieren und unsere Marke f\u00fcr alle Interessierten zug\u00e4nglich und erkennbar zu [&hellip;]","og_url":"https:\/\/leoneicecream.com\/de\/allgemeine-geschaeftsbedingungen\/","og_site_name":"Leone sladoled","article_modified_time":"2025-09-26T12:01:18+00:00","twitter_card":"summary_large_image","twitter_misc":{"Gesch\u00e4tzte Lesezeit":"3\u00a0Minuten"},"schema":{"@context":"https:\/\/schema.org","@graph":[{"@type":"WebPage","@id":"https:\/\/leoneicecream.com\/de\/allgemeine-geschaeftsbedingungen\/","url":"https:\/\/leoneicecream.com\/de\/allgemeine-geschaeftsbedingungen\/","name":"Allgemeine Gesch\u00e4ftsbedingungen - Leone sladoled","isPartOf":{"@id":"https:\/\/leoneicecream.com\/de\/#website"},"datePublished":"2025-09-15T11:36:22+00:00","dateModified":"2025-09-26T12:01:18+00:00","breadcrumb":{"@id":"https:\/\/leoneicecream.com\/de\/allgemeine-geschaeftsbedingungen\/#breadcrumb"},"inLanguage":"de","potentialAction":[{"@type":"ReadAction","target":["https:\/\/leoneicecream.com\/de\/allgemeine-geschaeftsbedingungen\/"]}]},{"@type":"BreadcrumbList","@id":"https:\/\/leoneicecream.com\/de\/allgemeine-geschaeftsbedingungen\/#breadcrumb","itemListElement":[{"@type":"ListItem","position":1,"name":"Home","item":"https:\/\/leoneicecream.com\/de\/"},{"@type":"ListItem","position":2,"name":"Allgemeine Gesch\u00e4ftsbedingungen"}]},{"@type":"WebSite","@id":"https:\/\/leoneicecream.com\/de\/#website","url":"https:\/\/leoneicecream.com\/de\/","name":"Leone sladoled","description":"100 ljudi, 100 u\u017eitkov. In en LEONE, ki najde pot do vsakega jezika.","publisher":{"@id":"https:\/\/leoneicecream.com\/de\/#organization"},"potentialAction":[{"@type":"SearchAction","target":{"@type":"EntryPoint","urlTemplate":"https:\/\/leoneicecream.com\/de\/?s={search_term_string}"},"query-input":{"@type":"PropertyValueSpecification","valueRequired":true,"valueName":"search_term_string"}}],"inLanguage":"de"},{"@type":"Organization","@id":"https:\/\/leoneicecream.com\/de\/#organization","name":"Leone sladoled","url":"https:\/\/leoneicecream.com\/de\/","logo":{"@type":"ImageObject","inLanguage":"de","@id":"https:\/\/leoneicecream.com\/de\/#\/schema\/logo\/image\/","url":"https:\/\/leoneicecream.com\/wp-content\/uploads\/2025\/09\/leone-logo-header_256px.png","contentUrl":"https:\/\/leoneicecream.com\/wp-content\/uploads\/2025\/09\/leone-logo-header_256px.png","width":256,"height":256,"caption":"Leone sladoled"},"image":{"@id":"https:\/\/leoneicecream.com\/de\/#\/schema\/logo\/image\/"}}]}},"_links":{"self":[{"href":"https:\/\/leoneicecream.com\/de\/wp-json\/wp\/v2\/pages\/1199","targetHints":{"allow":["GET"]}}],"collection":[{"href":"https:\/\/leoneicecream.com\/de\/wp-json\/wp\/v2\/pages"}],"about":[{"href":"https:\/\/leoneicecream.com\/de\/wp-json\/wp\/v2\/types\/page"}],"author":[{"embeddable":true,"href":"https:\/\/leoneicecream.com\/de\/wp-json\/wp\/v2\/users\/1"}],"replies":[{"embeddable":true,"href":"https:\/\/leoneicecream.com\/de\/wp-json\/wp\/v2\/comments?post=1199"}],"version-history":[{"count":1,"href":"https:\/\/leoneicecream.com\/de\/wp-json\/wp\/v2\/pages\/1199\/revisions"}],"predecessor-version":[{"id":1200,"href":"https:\/\/leoneicecream.com\/de\/wp-json\/wp\/v2\/pages\/1199\/revisions\/1200"}],"wp:attachment":[{"href":"https:\/\/leoneicecream.com\/de\/wp-json\/wp\/v2\/media?parent=1199"}],"curies":[{"name":"wp","href":"https:\/\/api.w.org\/{rel}","templated":true}]}}