{"id":1153,"date":"2025-09-12T12:01:23","date_gmt":"2025-09-12T12:01:23","guid":{"rendered":"https:\/\/leoneicecream.com\/rainbow-unicorn-cones-vanille-himbeer\/"},"modified":"2026-01-13T10:13:46","modified_gmt":"2026-01-13T10:13:46","slug":"rainbow-unicorn-cones-vanille-himbeer","status":"publish","type":"page","link":"https:\/\/leoneicecream.com\/de\/rainbow-unicorn-cones-vanille-himbeer\/","title":{"rendered":"Rainbow Unicorn Cones Vanille &amp; Himbeer"},"content":{"rendered":"\t\t<div data-elementor-type=\"wp-page\" data-elementor-id=\"1153\" class=\"elementor elementor-1153 elementor-599\" data-elementor-post-type=\"page\">\n\t\t\t\t<div class=\"elementor-element elementor-element-171adbc e-flex e-con-boxed e-con e-parent\" data-id=\"171adbc\" data-element_type=\"container\" data-e-type=\"container\" data-settings=\"{&quot;background_background&quot;:&quot;classic&quot;}\">\n\t\t\t\t\t<div class=\"e-con-inner\">\n\t\t<div class=\"elementor-element elementor-element-24d143b e-con-full e-flex e-con e-child\" data-id=\"24d143b\" data-element_type=\"container\" data-e-type=\"container\">\n\t\t\t\t<div class=\"elementor-element elementor-element-7240f8a elementor-invisible elementor-widget elementor-widget-heading\" data-id=\"7240f8a\" data-element_type=\"widget\" data-e-type=\"widget\" data-settings=\"{&quot;_animation&quot;:&quot;fadeInLeft&quot;}\" data-widget_type=\"heading.default\">\n\t\t\t\t\t<h1 class=\"elementor-heading-title elementor-size-default\">Rainbow Unicorn Cones Vanille &amp; Himbeer<\/h1>\t\t\t\t<\/div>\n\t\t\t\t<div class=\"elementor-element elementor-element-2042a1f elementor-invisible elementor-widget elementor-widget-heading\" data-id=\"2042a1f\" data-element_type=\"widget\" data-e-type=\"widget\" data-settings=\"{&quot;_animation&quot;:&quot;fadeInLeft&quot;}\" data-widget_type=\"heading.default\">\n\t\t\t\t\t<h2 class=\"elementor-heading-title elementor-size-default\">Tauche in die mystische Welt der Unicorns ein\n<\/h2>\t\t\t\t<\/div>\n\t\t\t\t<\/div>\n\t\t<div class=\"elementor-element elementor-element-5e1782d e-con-full e-flex e-con e-child\" data-id=\"5e1782d\" data-element_type=\"container\" data-e-type=\"container\">\n\t\t\t\t<div class=\"elementor-element elementor-element-0377cea elementor-invisible elementor-widget elementor-widget-image\" data-id=\"0377cea\" data-element_type=\"widget\" data-e-type=\"widget\" data-settings=\"{&quot;_animation&quot;:&quot;rotateInDownRight&quot;}\" data-widget_type=\"image.default\">\n\t\t\t\t\t\t\t\t\t\t\t\t\t\t\t<img fetchpriority=\"high\" decoding=\"async\" width=\"429\" height=\"550\" src=\"https:\/\/leoneicecream.com\/wp-content\/uploads\/2025\/09\/unicorn_cone_pack-1920w-1-e1757674965775.webp\" class=\"attachment-medium_large size-medium_large wp-image-1126\" alt=\"\" \/>\t\t\t\t\t\t\t\t\t\t\t\t\t\t\t<\/div>\n\t\t\t\t<\/div>\n\t\t\t\t\t<\/div>\n\t\t\t\t<\/div>\n\t\t<div class=\"elementor-element elementor-element-09aa1d3 e-flex e-con-boxed e-con e-parent\" data-id=\"09aa1d3\" data-element_type=\"container\" data-e-type=\"container\" data-settings=\"{&quot;background_background&quot;:&quot;classic&quot;}\">\n\t\t\t\t\t<div class=\"e-con-inner\">\n\t\t<div class=\"elementor-element elementor-element-aadc133 e-con-full e-flex e-con e-child\" data-id=\"aadc133\" data-element_type=\"container\" data-e-type=\"container\">\n\t\t\t\t<div class=\"elementor-element elementor-element-c7ba18c elementor-widget elementor-widget-image\" data-id=\"c7ba18c\" data-element_type=\"widget\" data-e-type=\"widget\" data-widget_type=\"image.default\">\n\t\t\t\t\t\t\t\t\t\t\t\t\t\t\t<img decoding=\"async\" width=\"768\" height=\"1378\" src=\"https:\/\/leoneicecream.com\/wp-content\/uploads\/2025\/09\/Rainbow_kornet_brezovitka-1920w-768x1378.png\" class=\"attachment-medium_large size-medium_large wp-image-1156\" alt=\"\" srcset=\"https:\/\/leoneicecream.com\/wp-content\/uploads\/2025\/09\/Rainbow_kornet_brezovitka-1920w-768x1378.png 768w, https:\/\/leoneicecream.com\/wp-content\/uploads\/2025\/09\/Rainbow_kornet_brezovitka-1920w-167x300.png 167w, https:\/\/leoneicecream.com\/wp-content\/uploads\/2025\/09\/Rainbow_kornet_brezovitka-1920w-571x1024.png 571w, https:\/\/leoneicecream.com\/wp-content\/uploads\/2025\/09\/Rainbow_kornet_brezovitka-1920w-856x1536.png 856w, https:\/\/leoneicecream.com\/wp-content\/uploads\/2025\/09\/Rainbow_kornet_brezovitka-1920w-1142x2048.png 1142w, https:\/\/leoneicecream.com\/wp-content\/uploads\/2025\/09\/Rainbow_kornet_brezovitka-1920w-scaled.png 1427w\" sizes=\"(max-width: 768px) 100vw, 768px\" \/>\t\t\t\t\t\t\t\t\t\t\t\t\t\t\t<\/div>\n\t\t\t\t<\/div>\n\t\t<div class=\"elementor-element elementor-element-3763cff e-con-full e-flex e-con e-child\" data-id=\"3763cff\" data-element_type=\"container\" data-e-type=\"container\">\n\t\t\t\t<div class=\"elementor-element elementor-element-de305b6 elementor-widget elementor-widget-heading\" data-id=\"de305b6\" data-element_type=\"widget\" data-e-type=\"widget\" data-widget_type=\"heading.default\">\n\t\t\t\t\t<h2 class=\"elementor-heading-title elementor-size-default\">Vanilleeis\n\n\nHimbeereis\n\n\nHimbeersauce\n<br><br>Bunte Zuckerperlen<br><br><br>Schwarze Waffelt\u00fcte<\/h2>\t\t\t\t<\/div>\n\t\t\t\t<\/div>\n\t\t\t\t\t<\/div>\n\t\t\t\t<\/div>\n\t\t<div class=\"elementor-element elementor-element-5740959 e-flex e-con-boxed e-con e-parent\" data-id=\"5740959\" data-element_type=\"container\" data-e-type=\"container\" data-settings=\"{&quot;background_background&quot;:&quot;classic&quot;}\">\n\t\t\t\t\t<div class=\"e-con-inner\">\n\t\t\t\t<div class=\"elementor-element elementor-element-e9f00de elementor-invisible elementor-widget elementor-widget-heading\" data-id=\"e9f00de\" data-element_type=\"widget\" data-e-type=\"widget\" data-settings=\"{&quot;_animation&quot;:&quot;fadeInUp&quot;}\" data-widget_type=\"heading.default\">\n\t\t\t\t\t<h1 class=\"elementor-heading-title elementor-size-default\">Schon gewusst?<\/h1>\t\t\t\t<\/div>\n\t\t\t\t<div class=\"elementor-element elementor-element-734fb38 elementor-invisible elementor-widget elementor-widget-heading\" data-id=\"734fb38\" data-element_type=\"widget\" data-e-type=\"widget\" data-settings=\"{&quot;_animation&quot;:&quot;fadeInUp&quot;}\" data-widget_type=\"heading.default\">\n\t\t\t\t\t<h2 class=\"elementor-heading-title elementor-size-default\">Erwachsen werden hei\u00dft nicht nur Rechnungen zu bezahlen, Steuer zu machen, Miete zu \u00fcberweisen und arbeiten zu gehen.<br><br><br>Erwachsen werden hei\u00dft auch, dass du dir ein, zwei Packungen leckerer Unicorn Cones g\u00f6nnen und dich wie in Kindertagen von der Magie der Farben und Aromen verzaubern lassen kannst.   <\/h2>\t\t\t\t<\/div>\n\t\t\t\t\t<\/div>\n\t\t\t\t<\/div>\n\t\t<div class=\"elementor-element elementor-element-1a4e52d e-flex e-con-boxed e-con e-parent\" data-id=\"1a4e52d\" data-element_type=\"container\" data-e-type=\"container\" data-settings=\"{&quot;background_background&quot;:&quot;classic&quot;}\">\n\t\t\t\t\t<div class=\"e-con-inner\">\n\t\t\t\t<div class=\"elementor-element elementor-element-18d12a4 elementor-widget elementor-widget-gallery\" data-id=\"18d12a4\" data-element_type=\"widget\" data-e-type=\"widget\" data-settings=\"{&quot;columns&quot;:3,&quot;aspect_ratio&quot;:&quot;1:1&quot;,&quot;lazyload&quot;:&quot;yes&quot;,&quot;gallery_layout&quot;:&quot;grid&quot;,&quot;columns_tablet&quot;:2,&quot;columns_mobile&quot;:1,&quot;gap&quot;:{&quot;unit&quot;:&quot;px&quot;,&quot;size&quot;:10,&quot;sizes&quot;:[]},&quot;gap_tablet&quot;:{&quot;unit&quot;:&quot;px&quot;,&quot;size&quot;:10,&quot;sizes&quot;:[]},&quot;gap_mobile&quot;:{&quot;unit&quot;:&quot;px&quot;,&quot;size&quot;:10,&quot;sizes&quot;:[]},&quot;content_hover_animation&quot;:&quot;fade-in&quot;}\" data-widget_type=\"gallery.default\">\n\t\t\t\t\t\t\t<div class=\"elementor-gallery__container\">\n\t\t\t\t\t\t\t<div class=\"e-gallery-item elementor-gallery-item elementor-animated-content\">\n\t\t\t\t\t<div class=\"e-gallery-image elementor-gallery-item__image\" data-thumbnail=\"https:\/\/leoneicecream.com\/wp-content\/uploads\/2025\/09\/sladoled_kornet_rainbow_slika-1.webp\" data-width=\"429\" data-height=\"588\" aria-label=\"\" role=\"img\" ><\/div>\n\t\t\t\t\t\t\t\t\t\t\t\t\t\t<\/div>\n\t\t\t\t\t\t\t<div class=\"e-gallery-item elementor-gallery-item elementor-animated-content\">\n\t\t\t\t\t<div class=\"e-gallery-image elementor-gallery-item__image\" data-thumbnail=\"https:\/\/leoneicecream.com\/wp-content\/uploads\/2025\/09\/238639013_241555217709682_7837463698502115583_n-f05d5343-1920w-768x768.png\" data-width=\"768\" data-height=\"768\" aria-label=\"\" role=\"img\" ><\/div>\n\t\t\t\t\t\t\t\t\t\t\t\t\t\t<\/div>\n\t\t\t\t\t\t\t<div class=\"e-gallery-item elementor-gallery-item elementor-animated-content\">\n\t\t\t\t\t<div class=\"e-gallery-image elementor-gallery-item__image\" data-thumbnail=\"https:\/\/leoneicecream.com\/wp-content\/uploads\/2025\/09\/171291593_481928516330817_2776037971821635846_n-a53d7e1f-1920w-768x768.png\" data-width=\"768\" data-height=\"768\" aria-label=\"\" role=\"img\" ><\/div>\n\t\t\t\t\t\t\t\t\t\t\t\t\t\t<\/div>\n\t\t\t\t\t<\/div>\n\t\t\t\t\t<\/div>\n\t\t\t\t\t<\/div>\n\t\t\t\t<\/div>\n\t\t<div class=\"elementor-element elementor-element-03dbc79 e-con-full elementor-hidden-tablet elementor-hidden-mobile e-flex e-con e-parent\" data-id=\"03dbc79\" data-element_type=\"container\" data-e-type=\"container\" data-settings=\"{&quot;background_background&quot;:&quot;classic&quot;}\">\n\t\t\t\t<div class=\"elementor-element elementor-element-3084dcf elementor-align-center elementor-widget elementor-widget-button\" data-id=\"3084dcf\" data-element_type=\"widget\" data-e-type=\"widget\" data-widget_type=\"button.default\">\n\t\t\t\t\t\t\t\t\t\t<a class=\"elementor-button elementor-button-link elementor-size-sm\" href=\"https:\/\/www.instagram.com\/leoneicecream.si\/\">\n\t\t\t\t\t\t<span class=\"elementor-button-content-wrapper\">\n\t\t\t\t\t\t\t\t\t<span class=\"elementor-button-text\">Besuchen Sie unser Instagram<\/span>\n\t\t\t\t\t<\/span>\n\t\t\t\t\t<\/a>\n\t\t\t\t\t\t\t\t<\/div>\n\t\t\t\t<\/div>\n\t\t<div class=\"elementor-element elementor-element-43ffe95 e-con-full e-flex e-con e-parent\" data-id=\"43ffe95\" data-element_type=\"container\" data-e-type=\"container\" data-settings=\"{&quot;background_background&quot;:&quot;gradient&quot;}\">\n\t\t\t\t<div class=\"elementor-element elementor-element-d3c3196 elementor-widget elementor-widget-heading\" data-id=\"d3c3196\" data-element_type=\"widget\" data-e-type=\"widget\" data-widget_type=\"heading.default\">\n\t\t\t\t\t<h1 class=\"elementor-heading-title elementor-size-default\">Entdecke noch weiter Leone Cones\n<\/h1>\t\t\t\t<\/div>\n\t\t\t\t<div class=\"elementor-element elementor-element-fc2d733 elementor-widget elementor-widget-heading\" data-id=\"fc2d733\" data-element_type=\"widget\" data-e-type=\"widget\" data-widget_type=\"heading.default\">\n\t\t\t\t\t<h2 class=\"elementor-heading-title elementor-size-default\">F\u00fcr unterwegs oder f\u00fcr zu Hause. Leone ist immer an deiner Seite! \n\n\n\n<\/h2>\t\t\t\t<\/div>\n\t\t<div class=\"elementor-element elementor-element-a79d1e0 e-con-full e-flex elementor-invisible e-con e-child\" data-id=\"a79d1e0\" data-element_type=\"container\" data-e-type=\"container\" data-settings=\"{&quot;animation&quot;:&quot;fadeInUp&quot;}\">\n\t\t<div class=\"elementor-element elementor-element-32e55c7 e-con-full e-flex e-con e-child\" data-id=\"32e55c7\" data-element_type=\"container\" data-e-type=\"container\">\n\t\t\t\t<div class=\"elementor-element elementor-element-40f3419 elementor-widget elementor-widget-image\" data-id=\"40f3419\" data-element_type=\"widget\" data-e-type=\"widget\" data-widget_type=\"image.default\">\n\t\t\t\t\t\t\t\t\t\t\t\t\t\t\t\t<a href=\"https:\/\/leoneicecream.com\/rose-cone-jagoda-in-smetana\/\">\n\t\t\t\t\t\t\t<img decoding=\"async\" width=\"231\" height=\"300\" src=\"https:\/\/leoneicecream.com\/wp-content\/uploads\/2025\/09\/CONERoseStrawberryCream_DLG-5511e417-1920w-1-231x300.png\" class=\"attachment-medium size-medium wp-image-1133\" alt=\"\" srcset=\"https:\/\/leoneicecream.com\/wp-content\/uploads\/2025\/09\/CONERoseStrawberryCream_DLG-5511e417-1920w-1-231x300.png 231w, https:\/\/leoneicecream.com\/wp-content\/uploads\/2025\/09\/CONERoseStrawberryCream_DLG-5511e417-1920w-1-788x1024.png 788w, https:\/\/leoneicecream.com\/wp-content\/uploads\/2025\/09\/CONERoseStrawberryCream_DLG-5511e417-1920w-1-768x998.png 768w, https:\/\/leoneicecream.com\/wp-content\/uploads\/2025\/09\/CONERoseStrawberryCream_DLG-5511e417-1920w-1.png 1000w\" sizes=\"(max-width: 231px) 100vw, 231px\" \/>\t\t\t\t\t\t\t\t<\/a>\n\t\t\t\t\t\t\t\t\t\t\t\t\t\t\t<\/div>\n\t\t\t\t<div class=\"elementor-element elementor-element-a703ce2 elementor-widget elementor-widget-heading\" data-id=\"a703ce2\" data-element_type=\"widget\" data-e-type=\"widget\" data-widget_type=\"heading.default\">\n\t\t\t\t\t<h2 class=\"elementor-heading-title elementor-size-default\"><a href=\"https:\/\/leoneicecream.com\/rose-cone-jagoda-in-smetana\/\">Rose Cone Erdbeer-Sahne\n<\/a><\/h2>\t\t\t\t<\/div>\n\t\t\t\t<div class=\"elementor-element elementor-element-247c90b elementor-align-justify elementor-widget elementor-widget-button\" data-id=\"247c90b\" data-element_type=\"widget\" data-e-type=\"widget\" data-widget_type=\"button.default\">\n\t\t\t\t\t\t\t\t\t\t<a class=\"elementor-button elementor-button-link elementor-size-sm\" href=\"https:\/\/leoneicecream.com\/de\/rose-cone-erdbeer-sahne\/\">\n\t\t\t\t\t\t<span class=\"elementor-button-content-wrapper\">\n\t\t\t\t\t\t\t\t\t<span class=\"elementor-button-text\">Mehr dazu<\/span>\n\t\t\t\t\t<\/span>\n\t\t\t\t\t<\/a>\n\t\t\t\t\t\t\t\t<\/div>\n\t\t\t\t<\/div>\n\t\t<div class=\"elementor-element elementor-element-7b7984b e-con-full e-flex e-con e-child\" data-id=\"7b7984b\" data-element_type=\"container\" data-e-type=\"container\">\n\t\t\t\t<div class=\"elementor-element elementor-element-beadc24 elementor-widget elementor-widget-image\" data-id=\"beadc24\" data-element_type=\"widget\" data-e-type=\"widget\" data-widget_type=\"image.default\">\n\t\t\t\t\t\t\t\t\t\t\t\t\t\t\t\t<a href=\"https:\/\/leoneicecream.com\/rose-cone-vanilja-in-lesnik\/\">\n\t\t\t\t\t\t\t<img loading=\"lazy\" decoding=\"async\" width=\"231\" height=\"300\" src=\"https:\/\/leoneicecream.com\/wp-content\/uploads\/2025\/09\/CONERoseHazelnut_DLG-1920w-1-231x300.png\" class=\"attachment-medium size-medium wp-image-1132\" alt=\"\" srcset=\"https:\/\/leoneicecream.com\/wp-content\/uploads\/2025\/09\/CONERoseHazelnut_DLG-1920w-1-231x300.png 231w, https:\/\/leoneicecream.com\/wp-content\/uploads\/2025\/09\/CONERoseHazelnut_DLG-1920w-1-788x1024.png 788w, https:\/\/leoneicecream.com\/wp-content\/uploads\/2025\/09\/CONERoseHazelnut_DLG-1920w-1-768x998.png 768w, https:\/\/leoneicecream.com\/wp-content\/uploads\/2025\/09\/CONERoseHazelnut_DLG-1920w-1.png 1000w\" sizes=\"(max-width: 231px) 100vw, 231px\" \/>\t\t\t\t\t\t\t\t<\/a>\n\t\t\t\t\t\t\t\t\t\t\t\t\t\t\t<\/div>\n\t\t\t\t<div class=\"elementor-element elementor-element-a475d6c elementor-widget elementor-widget-heading\" data-id=\"a475d6c\" data-element_type=\"widget\" data-e-type=\"widget\" data-widget_type=\"heading.default\">\n\t\t\t\t\t<h2 class=\"elementor-heading-title elementor-size-default\"><a href=\"https:\/\/leoneicecream.com\/rose-cone-vanilja-in-lesnik\/\">Rose Cone Vanille &amp; Haselnuss\n<\/a><\/h2>\t\t\t\t<\/div>\n\t\t\t\t<div class=\"elementor-element elementor-element-8956552 elementor-align-justify elementor-widget elementor-widget-button\" data-id=\"8956552\" data-element_type=\"widget\" data-e-type=\"widget\" data-widget_type=\"button.default\">\n\t\t\t\t\t\t\t\t\t\t<a class=\"elementor-button elementor-button-link elementor-size-sm\" href=\"https:\/\/leoneicecream.com\/de\/rose-cone-vanille-haselnuss\/\">\n\t\t\t\t\t\t<span class=\"elementor-button-content-wrapper\">\n\t\t\t\t\t\t\t\t\t<span class=\"elementor-button-text\">Mehr dazu<\/span>\n\t\t\t\t\t<\/span>\n\t\t\t\t\t<\/a>\n\t\t\t\t\t\t\t\t<\/div>\n\t\t\t\t<\/div>\n\t\t\t\t<\/div>\n\t\t\t\t<\/div>\n\t\t\t\t<\/div>\n\t\t","protected":false},"excerpt":{"rendered":"<p>Rainbow Unicorn Cones Vanille &amp; Himbeer Tauche in die mystische Welt der Unicorns ein Vanilleeis Himbeereis Himbeersauce Bunte Zuckerperlen Schwarze Waffelt\u00fcte Schon gewusst? Erwachsen werden hei\u00dft nicht nur Rechnungen zu bezahlen, Steuer zu machen, Miete zu \u00fcberweisen und arbeiten zu gehen. Erwachsen werden hei\u00dft auch, dass du dir ein, zwei Packungen leckerer Unicorn Cones g\u00f6nnen [&hellip;]<\/p>\n","protected":false},"author":1,"featured_media":0,"parent":0,"menu_order":0,"comment_status":"closed","ping_status":"closed","template":"","meta":{"footnotes":""},"class_list":["post-1153","page","type-page","status-publish","hentry"],"yoast_head":"<!-- This site is optimized with the Yoast SEO plugin v26.8 - https:\/\/yoast.com\/product\/yoast-seo-wordpress\/ -->\n<title>Rainbow Unicorn Cones Vanille &amp; Himbeer - Leone sladoled<\/title>\n<meta name=\"description\" content=\"LEONE Rainbow Unicorn Cone \u2013 Vanille- und Himbeereis mit Sauce, bunten Perlen und schwarzer Waffel. Ein Dessert wie aus einer M\u00e4rchenwelt.\" \/>\n<meta name=\"robots\" content=\"index, follow, max-snippet:-1, max-image-preview:large, max-video-preview:-1\" \/>\n<link rel=\"canonical\" href=\"https:\/\/leoneicecream.com\/de\/rainbow-unicorn-cones-vanille-himbeer\/\" \/>\n<meta property=\"og:locale\" content=\"de_DE\" \/>\n<meta property=\"og:type\" content=\"article\" \/>\n<meta property=\"og:title\" content=\"LEONE Rainbow Unicorn Cone\" \/>\n<meta property=\"og:description\" content=\"Vanille- und Himbeereis mit Sauce, bunten Perlen und schwarzer Waffel. Ein Dessert aus einer M\u00e4rchenwelt.\" \/>\n<meta property=\"og:url\" content=\"https:\/\/leoneicecream.com\/de\/rainbow-unicorn-cones-vanille-himbeer\/\" \/>\n<meta property=\"og:site_name\" content=\"Leone sladoled\" \/>\n<meta property=\"article:modified_time\" content=\"2026-01-13T10:13:46+00:00\" \/>\n<meta property=\"og:image\" content=\"https:\/\/leoneicecream.com\/wp-content\/uploads\/2025\/09\/171291593_481928516330817_2776037971821635846_n-a53d7e1f-1920w-300x300.png\" \/>\n<meta name=\"twitter:card\" content=\"summary_large_image\" \/>\n<meta name=\"twitter:label1\" content=\"Gesch\u00e4tzte Lesezeit\" \/>\n\t<meta name=\"twitter:data1\" content=\"1\u00a0Minute\" \/>\n<script type=\"application\/ld+json\" class=\"yoast-schema-graph\">{\"@context\":\"https:\/\/schema.org\",\"@graph\":[{\"@type\":\"WebPage\",\"@id\":\"https:\/\/leoneicecream.com\/de\/rainbow-unicorn-cones-vanille-himbeer\/\",\"url\":\"https:\/\/leoneicecream.com\/de\/rainbow-unicorn-cones-vanille-himbeer\/\",\"name\":\"Rainbow Unicorn Cones Vanille &amp; Himbeer - Leone sladoled\",\"isPartOf\":{\"@id\":\"https:\/\/leoneicecream.com\/de\/#website\"},\"primaryImageOfPage\":{\"@id\":\"https:\/\/leoneicecream.com\/de\/rainbow-unicorn-cones-vanille-himbeer\/#primaryimage\"},\"image\":{\"@id\":\"https:\/\/leoneicecream.com\/de\/rainbow-unicorn-cones-vanille-himbeer\/#primaryimage\"},\"thumbnailUrl\":\"https:\/\/leoneicecream.com\/wp-content\/uploads\/2025\/09\/unicorn_cone_pack-1920w-1-e1757674965775.webp\",\"datePublished\":\"2025-09-12T12:01:23+00:00\",\"dateModified\":\"2026-01-13T10:13:46+00:00\",\"description\":\"LEONE Rainbow Unicorn Cone \u2013 Vanille- und Himbeereis mit Sauce, bunten Perlen und schwarzer Waffel. Ein Dessert wie aus einer M\u00e4rchenwelt.\",\"breadcrumb\":{\"@id\":\"https:\/\/leoneicecream.com\/de\/rainbow-unicorn-cones-vanille-himbeer\/#breadcrumb\"},\"inLanguage\":\"de\",\"potentialAction\":[{\"@type\":\"ReadAction\",\"target\":[\"https:\/\/leoneicecream.com\/de\/rainbow-unicorn-cones-vanille-himbeer\/\"]}]},{\"@type\":\"ImageObject\",\"inLanguage\":\"de\",\"@id\":\"https:\/\/leoneicecream.com\/de\/rainbow-unicorn-cones-vanille-himbeer\/#primaryimage\",\"url\":\"https:\/\/leoneicecream.com\/wp-content\/uploads\/2025\/09\/unicorn_cone_pack-1920w-1-e1757674965775.webp\",\"contentUrl\":\"https:\/\/leoneicecream.com\/wp-content\/uploads\/2025\/09\/unicorn_cone_pack-1920w-1-e1757674965775.webp\"},{\"@type\":\"BreadcrumbList\",\"@id\":\"https:\/\/leoneicecream.com\/de\/rainbow-unicorn-cones-vanille-himbeer\/#breadcrumb\",\"itemListElement\":[{\"@type\":\"ListItem\",\"position\":1,\"name\":\"Home\",\"item\":\"https:\/\/leoneicecream.com\/de\/\"},{\"@type\":\"ListItem\",\"position\":2,\"name\":\"Rainbow Unicorn Cones Vanille &amp; Himbeer\"}]},{\"@type\":\"WebSite\",\"@id\":\"https:\/\/leoneicecream.com\/de\/#website\",\"url\":\"https:\/\/leoneicecream.com\/de\/\",\"name\":\"Leone sladoled\",\"description\":\"100 ljudi, 100 u\u017eitkov. In en LEONE, ki najde pot do vsakega jezika.\",\"publisher\":{\"@id\":\"https:\/\/leoneicecream.com\/de\/#organization\"},\"potentialAction\":[{\"@type\":\"SearchAction\",\"target\":{\"@type\":\"EntryPoint\",\"urlTemplate\":\"https:\/\/leoneicecream.com\/de\/?s={search_term_string}\"},\"query-input\":{\"@type\":\"PropertyValueSpecification\",\"valueRequired\":true,\"valueName\":\"search_term_string\"}}],\"inLanguage\":\"de\"},{\"@type\":\"Organization\",\"@id\":\"https:\/\/leoneicecream.com\/de\/#organization\",\"name\":\"Leone sladoled\",\"url\":\"https:\/\/leoneicecream.com\/de\/\",\"logo\":{\"@type\":\"ImageObject\",\"inLanguage\":\"de\",\"@id\":\"https:\/\/leoneicecream.com\/de\/#\/schema\/logo\/image\/\",\"url\":\"https:\/\/leoneicecream.com\/wp-content\/uploads\/2025\/09\/leone-logo-header_256px.png\",\"contentUrl\":\"https:\/\/leoneicecream.com\/wp-content\/uploads\/2025\/09\/leone-logo-header_256px.png\",\"width\":256,\"height\":256,\"caption\":\"Leone sladoled\"},\"image\":{\"@id\":\"https:\/\/leoneicecream.com\/de\/#\/schema\/logo\/image\/\"}}]}<\/script>\n<!-- \/ Yoast SEO plugin. -->","yoast_head_json":{"title":"Rainbow Unicorn Cones Vanille &amp; Himbeer - Leone sladoled","description":"LEONE Rainbow Unicorn Cone \u2013 Vanille- und Himbeereis mit Sauce, bunten Perlen und schwarzer Waffel. Ein Dessert wie aus einer M\u00e4rchenwelt.","robots":{"index":"index","follow":"follow","max-snippet":"max-snippet:-1","max-image-preview":"max-image-preview:large","max-video-preview":"max-video-preview:-1"},"canonical":"https:\/\/leoneicecream.com\/de\/rainbow-unicorn-cones-vanille-himbeer\/","og_locale":"de_DE","og_type":"article","og_title":"LEONE Rainbow Unicorn Cone","og_description":"Vanille- und Himbeereis mit Sauce, bunten Perlen und schwarzer Waffel. Ein Dessert aus einer M\u00e4rchenwelt.","og_url":"https:\/\/leoneicecream.com\/de\/rainbow-unicorn-cones-vanille-himbeer\/","og_site_name":"Leone sladoled","article_modified_time":"2026-01-13T10:13:46+00:00","og_image":[{"url":"https:\/\/leoneicecream.com\/wp-content\/uploads\/2025\/09\/171291593_481928516330817_2776037971821635846_n-a53d7e1f-1920w-300x300.png","type":"","width":"","height":""}],"twitter_card":"summary_large_image","twitter_misc":{"Gesch\u00e4tzte Lesezeit":"1\u00a0Minute"},"schema":{"@context":"https:\/\/schema.org","@graph":[{"@type":"WebPage","@id":"https:\/\/leoneicecream.com\/de\/rainbow-unicorn-cones-vanille-himbeer\/","url":"https:\/\/leoneicecream.com\/de\/rainbow-unicorn-cones-vanille-himbeer\/","name":"Rainbow Unicorn Cones Vanille &amp; Himbeer - Leone sladoled","isPartOf":{"@id":"https:\/\/leoneicecream.com\/de\/#website"},"primaryImageOfPage":{"@id":"https:\/\/leoneicecream.com\/de\/rainbow-unicorn-cones-vanille-himbeer\/#primaryimage"},"image":{"@id":"https:\/\/leoneicecream.com\/de\/rainbow-unicorn-cones-vanille-himbeer\/#primaryimage"},"thumbnailUrl":"https:\/\/leoneicecream.com\/wp-content\/uploads\/2025\/09\/unicorn_cone_pack-1920w-1-e1757674965775.webp","datePublished":"2025-09-12T12:01:23+00:00","dateModified":"2026-01-13T10:13:46+00:00","description":"LEONE Rainbow Unicorn Cone \u2013 Vanille- und Himbeereis mit Sauce, bunten Perlen und schwarzer Waffel. Ein Dessert wie aus einer M\u00e4rchenwelt.","breadcrumb":{"@id":"https:\/\/leoneicecream.com\/de\/rainbow-unicorn-cones-vanille-himbeer\/#breadcrumb"},"inLanguage":"de","potentialAction":[{"@type":"ReadAction","target":["https:\/\/leoneicecream.com\/de\/rainbow-unicorn-cones-vanille-himbeer\/"]}]},{"@type":"ImageObject","inLanguage":"de","@id":"https:\/\/leoneicecream.com\/de\/rainbow-unicorn-cones-vanille-himbeer\/#primaryimage","url":"https:\/\/leoneicecream.com\/wp-content\/uploads\/2025\/09\/unicorn_cone_pack-1920w-1-e1757674965775.webp","contentUrl":"https:\/\/leoneicecream.com\/wp-content\/uploads\/2025\/09\/unicorn_cone_pack-1920w-1-e1757674965775.webp"},{"@type":"BreadcrumbList","@id":"https:\/\/leoneicecream.com\/de\/rainbow-unicorn-cones-vanille-himbeer\/#breadcrumb","itemListElement":[{"@type":"ListItem","position":1,"name":"Home","item":"https:\/\/leoneicecream.com\/de\/"},{"@type":"ListItem","position":2,"name":"Rainbow Unicorn Cones Vanille &amp; Himbeer"}]},{"@type":"WebSite","@id":"https:\/\/leoneicecream.com\/de\/#website","url":"https:\/\/leoneicecream.com\/de\/","name":"Leone sladoled","description":"100 ljudi, 100 u\u017eitkov. In en LEONE, ki najde pot do vsakega jezika.","publisher":{"@id":"https:\/\/leoneicecream.com\/de\/#organization"},"potentialAction":[{"@type":"SearchAction","target":{"@type":"EntryPoint","urlTemplate":"https:\/\/leoneicecream.com\/de\/?s={search_term_string}"},"query-input":{"@type":"PropertyValueSpecification","valueRequired":true,"valueName":"search_term_string"}}],"inLanguage":"de"},{"@type":"Organization","@id":"https:\/\/leoneicecream.com\/de\/#organization","name":"Leone sladoled","url":"https:\/\/leoneicecream.com\/de\/","logo":{"@type":"ImageObject","inLanguage":"de","@id":"https:\/\/leoneicecream.com\/de\/#\/schema\/logo\/image\/","url":"https:\/\/leoneicecream.com\/wp-content\/uploads\/2025\/09\/leone-logo-header_256px.png","contentUrl":"https:\/\/leoneicecream.com\/wp-content\/uploads\/2025\/09\/leone-logo-header_256px.png","width":256,"height":256,"caption":"Leone sladoled"},"image":{"@id":"https:\/\/leoneicecream.com\/de\/#\/schema\/logo\/image\/"}}]}},"_links":{"self":[{"href":"https:\/\/leoneicecream.com\/de\/wp-json\/wp\/v2\/pages\/1153","targetHints":{"allow":["GET"]}}],"collection":[{"href":"https:\/\/leoneicecream.com\/de\/wp-json\/wp\/v2\/pages"}],"about":[{"href":"https:\/\/leoneicecream.com\/de\/wp-json\/wp\/v2\/types\/page"}],"author":[{"embeddable":true,"href":"https:\/\/leoneicecream.com\/de\/wp-json\/wp\/v2\/users\/1"}],"replies":[{"embeddable":true,"href":"https:\/\/leoneicecream.com\/de\/wp-json\/wp\/v2\/comments?post=1153"}],"version-history":[{"count":19,"href":"https:\/\/leoneicecream.com\/de\/wp-json\/wp\/v2\/pages\/1153\/revisions"}],"predecessor-version":[{"id":3103,"href":"https:\/\/leoneicecream.com\/de\/wp-json\/wp\/v2\/pages\/1153\/revisions\/3103"}],"wp:attachment":[{"href":"https:\/\/leoneicecream.com\/de\/wp-json\/wp\/v2\/media?parent=1153"}],"curies":[{"name":"wp","href":"https:\/\/api.w.org\/{rel}","templated":true}]}}