{"id":1041,"date":"2025-09-08T12:02:16","date_gmt":"2025-09-08T12:02:16","guid":{"rendered":"https:\/\/leoneicecream.com\/ueber-uns\/"},"modified":"2026-03-02T09:28:02","modified_gmt":"2026-03-02T09:28:02","slug":"ueber-uns","status":"publish","type":"page","link":"https:\/\/leoneicecream.com\/de\/ueber-uns\/","title":{"rendered":"\u00dcber uns"},"content":{"rendered":"\t\t<div data-elementor-type=\"wp-page\" data-elementor-id=\"1041\" class=\"elementor elementor-1041 elementor-45\" data-elementor-post-type=\"page\">\n\t\t\t\t<div class=\"elementor-element elementor-element-1761a90 e-flex e-con-boxed e-con e-parent\" data-id=\"1761a90\" data-element_type=\"container\" data-e-type=\"container\" data-settings=\"{&quot;background_background&quot;:&quot;classic&quot;}\">\n\t\t\t\t\t<div class=\"e-con-inner\">\n\t\t\t\t<div class=\"elementor-element elementor-element-6e7d3b4 elementor-widget elementor-widget-heading\" data-id=\"6e7d3b4\" data-element_type=\"widget\" data-e-type=\"widget\" data-widget_type=\"heading.default\">\n\t\t\t\t\t<h1 class=\"elementor-heading-title elementor-size-default\">Unsere Geschichte<\/h1>\t\t\t\t<\/div>\n\t\t\t\t<div class=\"elementor-element elementor-element-a94a59e elementor-widget elementor-widget-heading\" data-id=\"a94a59e\" data-element_type=\"widget\" data-e-type=\"widget\" data-widget_type=\"heading.default\">\n\t\t\t\t\t<h2 class=\"elementor-heading-title elementor-size-default\">Das Leben ist nicht immer nur Sonnenschein und Einh\u00f6rner \u2013 aber genau in diesen Momenten m\u00f6chten wir Ihnen ein L\u00e4cheln schenken. Mit unseren verw\u00f6hnenden, innovativen Eiskreationen sorgen wir daf\u00fcr, dass selbst graue Tage eine s\u00fc\u00dfe Wendung nehmen.<\/h2>\t\t\t\t<\/div>\n\t\t\t\t\t<\/div>\n\t\t\t\t<\/div>\n\t\t<div class=\"elementor-element elementor-element-5e569a4 e-flex e-con-boxed e-con e-parent\" data-id=\"5e569a4\" data-element_type=\"container\" data-e-type=\"container\" data-settings=\"{&quot;background_background&quot;:&quot;classic&quot;}\">\n\t\t\t\t\t<div class=\"e-con-inner\">\n\t\t<div class=\"elementor-element elementor-element-b3e4654 e-con-full e-flex e-con e-child\" data-id=\"b3e4654\" data-element_type=\"container\" data-e-type=\"container\">\n\t\t\t\t<div class=\"elementor-element elementor-element-012fdc8 elementor-widget elementor-widget-image\" data-id=\"012fdc8\" data-element_type=\"widget\" data-e-type=\"widget\" data-widget_type=\"image.default\">\n\t\t\t\t\t\t\t\t\t\t\t\t\t\t\t<img fetchpriority=\"high\" decoding=\"async\" width=\"762\" height=\"443\" src=\"https:\/\/leoneicecream.com\/wp-content\/uploads\/2025\/09\/Untitled-design-2024-04-10T093047.465-1b8b4387-1920w-1.webp\" class=\"attachment-medium_large size-medium_large wp-image-1011\" alt=\"\" \/>\t\t\t\t\t\t\t\t\t\t\t\t\t\t\t<\/div>\n\t\t\t\t<\/div>\n\t\t<div class=\"elementor-element elementor-element-2036c19 e-con-full e-flex e-con e-child\" data-id=\"2036c19\" data-element_type=\"container\" data-e-type=\"container\">\n\t\t\t\t<div class=\"elementor-element elementor-element-8447683 elementor-widget elementor-widget-heading\" data-id=\"8447683\" data-element_type=\"widget\" data-e-type=\"widget\" data-widget_type=\"heading.default\">\n\t\t\t\t\t<h1 class=\"elementor-heading-title elementor-size-default\">Unsere Vision ist s\u00fc\u00df\n<\/h1>\t\t\t\t<\/div>\n\t\t\t\t<div class=\"elementor-element elementor-element-08215c6 elementor-widget elementor-widget-heading\" data-id=\"08215c6\" data-element_type=\"widget\" data-e-type=\"widget\" data-widget_type=\"heading.default\">\n\t\t\t\t\t<h2 class=\"elementor-heading-title elementor-size-default\">Unser Ziel? Ganz einfach: Wir m\u00f6chten Menschen auf der ganzen Welt mit einzigartigem Eis begeistern. Mit Kreativit\u00e4t, unvergleichbarem Geschmack und einem Funken Optimismus m\u00f6chten wir das Leben unserer Kunden vers\u00fc\u00dfen. Bei uns geht es nicht nur um Eis \u2013 wir schaffen Momente, die in Erinnerung bleiben. <br><br>Unsere Mission: Wir setzen alles daran, das beste Eis zu kreieren, das nicht nur den Gaumen, sondern auch das Herz ber\u00fchrt. Indem wir stets die neuesten Trends und Entwicklungen verfolgen, wissen wir genau, wie wir innovative Produkte gestalten, die in den Regalen hervorstechen. Unser Geheimnis? Die Kunst, Sie mit unerwarteten \u00dcberraschungen zu begeistern und Ihr Leben ein St\u00fcck weit sch\u00f6ner zu machen.  <\/h2>\t\t\t\t<\/div>\n\t\t\t\t<\/div>\n\t\t\t\t\t<\/div>\n\t\t\t\t<\/div>\n\t\t<div class=\"elementor-element elementor-element-660abda e-con-full e-flex e-con e-parent\" data-id=\"660abda\" data-element_type=\"container\" data-e-type=\"container\">\n\t\t\t\t<div class=\"elementor-element elementor-element-cb582d3 elementor-widget elementor-widget-video\" data-id=\"cb582d3\" data-element_type=\"widget\" data-e-type=\"widget\" data-settings=\"{&quot;youtube_url&quot;:&quot;https:\\\/\\\/youtu.be\\\/vkqCTUHjq_I&quot;,&quot;autoplay&quot;:&quot;yes&quot;,&quot;mute&quot;:&quot;yes&quot;,&quot;loop&quot;:&quot;yes&quot;,&quot;video_type&quot;:&quot;youtube&quot;}\" data-widget_type=\"video.default\">\n\t\t\t\t\t\t\t<div class=\"elementor-wrapper elementor-open-inline\">\n\t\t\t<div class=\"elementor-video\"><\/div>\t\t<\/div>\n\t\t\t\t\t\t<\/div>\n\t\t\t\t<\/div>\n\t\t<div class=\"elementor-element elementor-element-43e41ce e-flex e-con-boxed e-con e-parent\" data-id=\"43e41ce\" data-element_type=\"container\" data-e-type=\"container\" data-settings=\"{&quot;background_background&quot;:&quot;classic&quot;}\">\n\t\t\t\t\t<div class=\"e-con-inner\">\n\t\t<div class=\"elementor-element elementor-element-a045fe3 e-con-full e-flex e-con e-child\" data-id=\"a045fe3\" data-element_type=\"container\" data-e-type=\"container\">\n\t\t\t\t<div class=\"elementor-element elementor-element-5f7812e elementor-widget elementor-widget-heading\" data-id=\"5f7812e\" data-element_type=\"widget\" data-e-type=\"widget\" data-widget_type=\"heading.default\">\n\t\t\t\t\t<h1 class=\"elementor-heading-title elementor-size-default\">Erwarte das Unerwartete<\/h1>\t\t\t\t<\/div>\n\t\t\t\t<div class=\"elementor-element elementor-element-1bd26fc elementor-widget elementor-widget-heading\" data-id=\"1bd26fc\" data-element_type=\"widget\" data-e-type=\"widget\" data-widget_type=\"heading.default\">\n\t\t\t\t\t<h2 class=\"elementor-heading-title elementor-size-default\">Im Herzen des wundersch\u00f6nen Vipava-Tals, genauer gesagt in Ajdov\u0161\u010dina, steht unser Unternehmen Incom Leone. Hier produzieren wir mit Leidenschaft \u00fcber 3,2 Millionen k\u00f6stliche Eiscremes \u2013 und das Tag f\u00fcr Tag! Doch was uns wirklich auszeichnet, ist unser beeindruckendes Portfolio mit mehr als 300 verschiedenen Produkten, die wir stolz in \u00fcber 39 L\u00e4nder weltweit exportieren. Unsere Liebe zum Eis kennt keine Grenzen!   <\/h2>\t\t\t\t<\/div>\n\t\t\t\t<div class=\"elementor-element elementor-element-c97b954 elementor-mobile-align-center elementor-widget elementor-widget-button\" data-id=\"c97b954\" data-element_type=\"widget\" data-e-type=\"widget\" data-widget_type=\"button.default\">\n\t\t\t\t\t\t\t\t\t\t<a class=\"elementor-button elementor-button-link elementor-size-sm\" href=\"https:\/\/incomleone.com\/sl\/\">\n\t\t\t\t\t\t<span class=\"elementor-button-content-wrapper\">\n\t\t\t\t\t\t\t\t\t<span class=\"elementor-button-text\">Unternehmenswebseite<\/span>\n\t\t\t\t\t<\/span>\n\t\t\t\t\t<\/a>\n\t\t\t\t\t\t\t\t<\/div>\n\t\t\t\t<\/div>\n\t\t<div class=\"elementor-element elementor-element-316231f e-con-full e-flex e-con e-child\" data-id=\"316231f\" data-element_type=\"container\" data-e-type=\"container\">\n\t\t\t\t<div class=\"elementor-element elementor-element-8c2437f elementor-widget elementor-widget-image\" data-id=\"8c2437f\" data-element_type=\"widget\" data-e-type=\"widget\" data-widget_type=\"image.default\">\n\t\t\t\t\t\t\t\t\t\t\t\t\t\t\t<img decoding=\"async\" width=\"768\" height=\"502\" src=\"https:\/\/leoneicecream.com\/wp-content\/uploads\/2025\/09\/Zaposlitev_banner-bf054c3c-1920w-768x502.png\" class=\"attachment-medium_large size-medium_large wp-image-1012\" alt=\"\" srcset=\"https:\/\/leoneicecream.com\/wp-content\/uploads\/2025\/09\/Zaposlitev_banner-bf054c3c-1920w-768x502.png 768w, https:\/\/leoneicecream.com\/wp-content\/uploads\/2025\/09\/Zaposlitev_banner-bf054c3c-1920w-300x196.png 300w, https:\/\/leoneicecream.com\/wp-content\/uploads\/2025\/09\/Zaposlitev_banner-bf054c3c-1920w.png 961w\" sizes=\"(max-width: 768px) 100vw, 768px\" \/>\t\t\t\t\t\t\t\t\t\t\t\t\t\t\t<\/div>\n\t\t\t\t<\/div>\n\t\t\t\t\t<\/div>\n\t\t\t\t<\/div>\n\t\t\t\t<\/div>\n\t\t","protected":false},"excerpt":{"rendered":"<p>Unsere Geschichte Das Leben ist nicht immer nur Sonnenschein und Einh\u00f6rner \u2013 aber genau in diesen Momenten m\u00f6chten wir Ihnen ein L\u00e4cheln schenken. Mit unseren verw\u00f6hnenden, innovativen Eiskreationen sorgen wir daf\u00fcr, dass selbst graue Tage eine s\u00fc\u00dfe Wendung nehmen. Unsere Vision ist s\u00fc\u00df Unser Ziel? Ganz einfach: Wir m\u00f6chten Menschen auf der ganzen Welt mit [&hellip;]<\/p>\n","protected":false},"author":1,"featured_media":0,"parent":0,"menu_order":0,"comment_status":"closed","ping_status":"closed","template":"","meta":{"footnotes":""},"class_list":["post-1041","page","type-page","status-publish","hentry"],"yoast_head":"<!-- This site is optimized with the Yoast SEO plugin v26.8 - https:\/\/yoast.com\/product\/yoast-seo-wordpress\/ -->\n<title>\u00dcber uns - Leone sladoled<\/title>\n<meta name=\"description\" content=\"Unser Ziel ist es, Menschen weltweit mit innovativem Eis und unschlagbar hochwertigen Produkten zu begeistern.\" \/>\n<meta name=\"robots\" content=\"index, follow, max-snippet:-1, max-image-preview:large, max-video-preview:-1\" \/>\n<link rel=\"canonical\" href=\"https:\/\/leoneicecream.com\/de\/ueber-uns\/\" \/>\n<meta property=\"og:locale\" content=\"de_DE\" \/>\n<meta property=\"og:type\" content=\"article\" \/>\n<meta property=\"og:title\" content=\"\u00dcber uns - Leone sladoled\" \/>\n<meta property=\"og:description\" content=\"Unser Ziel ist es, Menschen weltweit mit innovativem Eis und unschlagbar hochwertigen Produkten zu begeistern.\" \/>\n<meta property=\"og:url\" content=\"https:\/\/leoneicecream.com\/de\/ueber-uns\/\" \/>\n<meta property=\"og:site_name\" content=\"Leone sladoled\" \/>\n<meta property=\"article:modified_time\" content=\"2026-03-02T09:28:02+00:00\" \/>\n<meta property=\"og:image\" content=\"https:\/\/leoneicecream.com\/wp-content\/uploads\/2025\/09\/Untitled-design-2024-04-10T093047.465-1b8b4387-1920w-1.webp\" \/>\n\t<meta property=\"og:image:width\" content=\"762\" \/>\n\t<meta property=\"og:image:height\" content=\"443\" \/>\n\t<meta property=\"og:image:type\" content=\"image\/webp\" \/>\n<meta name=\"twitter:card\" content=\"summary_large_image\" \/>\n<meta name=\"twitter:label1\" content=\"Gesch\u00e4tzte Lesezeit\" \/>\n\t<meta name=\"twitter:data1\" content=\"2\u00a0Minuten\" \/>\n<script type=\"application\/ld+json\" class=\"yoast-schema-graph\">{\"@context\":\"https:\/\/schema.org\",\"@graph\":[{\"@type\":\"WebPage\",\"@id\":\"https:\/\/leoneicecream.com\/de\/ueber-uns\/\",\"url\":\"https:\/\/leoneicecream.com\/de\/ueber-uns\/\",\"name\":\"\u00dcber uns - Leone sladoled\",\"isPartOf\":{\"@id\":\"https:\/\/leoneicecream.com\/de\/#website\"},\"primaryImageOfPage\":{\"@id\":\"https:\/\/leoneicecream.com\/de\/ueber-uns\/#primaryimage\"},\"image\":{\"@id\":\"https:\/\/leoneicecream.com\/de\/ueber-uns\/#primaryimage\"},\"thumbnailUrl\":\"https:\/\/leoneicecream.com\/wp-content\/uploads\/2025\/09\/Untitled-design-2024-04-10T093047.465-1b8b4387-1920w-1.webp\",\"datePublished\":\"2025-09-08T12:02:16+00:00\",\"dateModified\":\"2026-03-02T09:28:02+00:00\",\"description\":\"Unser Ziel ist es, Menschen weltweit mit innovativem Eis und unschlagbar hochwertigen Produkten zu begeistern.\",\"breadcrumb\":{\"@id\":\"https:\/\/leoneicecream.com\/de\/ueber-uns\/#breadcrumb\"},\"inLanguage\":\"de\",\"potentialAction\":[{\"@type\":\"ReadAction\",\"target\":[\"https:\/\/leoneicecream.com\/de\/ueber-uns\/\"]}]},{\"@type\":\"ImageObject\",\"inLanguage\":\"de\",\"@id\":\"https:\/\/leoneicecream.com\/de\/ueber-uns\/#primaryimage\",\"url\":\"https:\/\/leoneicecream.com\/wp-content\/uploads\/2025\/09\/Untitled-design-2024-04-10T093047.465-1b8b4387-1920w-1.webp\",\"contentUrl\":\"https:\/\/leoneicecream.com\/wp-content\/uploads\/2025\/09\/Untitled-design-2024-04-10T093047.465-1b8b4387-1920w-1.webp\"},{\"@type\":\"BreadcrumbList\",\"@id\":\"https:\/\/leoneicecream.com\/de\/ueber-uns\/#breadcrumb\",\"itemListElement\":[{\"@type\":\"ListItem\",\"position\":1,\"name\":\"Home\",\"item\":\"https:\/\/leoneicecream.com\/de\/\"},{\"@type\":\"ListItem\",\"position\":2,\"name\":\"\u00dcber uns\"}]},{\"@type\":\"WebSite\",\"@id\":\"https:\/\/leoneicecream.com\/de\/#website\",\"url\":\"https:\/\/leoneicecream.com\/de\/\",\"name\":\"Leone sladoled\",\"description\":\"100 ljudi, 100 u\u017eitkov. In en LEONE, ki najde pot do vsakega jezika.\",\"publisher\":{\"@id\":\"https:\/\/leoneicecream.com\/de\/#organization\"},\"potentialAction\":[{\"@type\":\"SearchAction\",\"target\":{\"@type\":\"EntryPoint\",\"urlTemplate\":\"https:\/\/leoneicecream.com\/de\/?s={search_term_string}\"},\"query-input\":{\"@type\":\"PropertyValueSpecification\",\"valueRequired\":true,\"valueName\":\"search_term_string\"}}],\"inLanguage\":\"de\"},{\"@type\":\"Organization\",\"@id\":\"https:\/\/leoneicecream.com\/de\/#organization\",\"name\":\"Leone sladoled\",\"url\":\"https:\/\/leoneicecream.com\/de\/\",\"logo\":{\"@type\":\"ImageObject\",\"inLanguage\":\"de\",\"@id\":\"https:\/\/leoneicecream.com\/de\/#\/schema\/logo\/image\/\",\"url\":\"https:\/\/leoneicecream.com\/wp-content\/uploads\/2025\/09\/leone-logo-header_256px.png\",\"contentUrl\":\"https:\/\/leoneicecream.com\/wp-content\/uploads\/2025\/09\/leone-logo-header_256px.png\",\"width\":256,\"height\":256,\"caption\":\"Leone sladoled\"},\"image\":{\"@id\":\"https:\/\/leoneicecream.com\/de\/#\/schema\/logo\/image\/\"}}]}<\/script>\n<!-- \/ Yoast SEO plugin. -->","yoast_head_json":{"title":"\u00dcber uns - Leone sladoled","description":"Unser Ziel ist es, Menschen weltweit mit innovativem Eis und unschlagbar hochwertigen Produkten zu begeistern.","robots":{"index":"index","follow":"follow","max-snippet":"max-snippet:-1","max-image-preview":"max-image-preview:large","max-video-preview":"max-video-preview:-1"},"canonical":"https:\/\/leoneicecream.com\/de\/ueber-uns\/","og_locale":"de_DE","og_type":"article","og_title":"\u00dcber uns - Leone sladoled","og_description":"Unser Ziel ist es, Menschen weltweit mit innovativem Eis und unschlagbar hochwertigen Produkten zu begeistern.","og_url":"https:\/\/leoneicecream.com\/de\/ueber-uns\/","og_site_name":"Leone sladoled","article_modified_time":"2026-03-02T09:28:02+00:00","og_image":[{"width":762,"height":443,"url":"https:\/\/leoneicecream.com\/wp-content\/uploads\/2025\/09\/Untitled-design-2024-04-10T093047.465-1b8b4387-1920w-1.webp","type":"image\/webp"}],"twitter_card":"summary_large_image","twitter_misc":{"Gesch\u00e4tzte Lesezeit":"2\u00a0Minuten"},"schema":{"@context":"https:\/\/schema.org","@graph":[{"@type":"WebPage","@id":"https:\/\/leoneicecream.com\/de\/ueber-uns\/","url":"https:\/\/leoneicecream.com\/de\/ueber-uns\/","name":"\u00dcber uns - Leone sladoled","isPartOf":{"@id":"https:\/\/leoneicecream.com\/de\/#website"},"primaryImageOfPage":{"@id":"https:\/\/leoneicecream.com\/de\/ueber-uns\/#primaryimage"},"image":{"@id":"https:\/\/leoneicecream.com\/de\/ueber-uns\/#primaryimage"},"thumbnailUrl":"https:\/\/leoneicecream.com\/wp-content\/uploads\/2025\/09\/Untitled-design-2024-04-10T093047.465-1b8b4387-1920w-1.webp","datePublished":"2025-09-08T12:02:16+00:00","dateModified":"2026-03-02T09:28:02+00:00","description":"Unser Ziel ist es, Menschen weltweit mit innovativem Eis und unschlagbar hochwertigen Produkten zu begeistern.","breadcrumb":{"@id":"https:\/\/leoneicecream.com\/de\/ueber-uns\/#breadcrumb"},"inLanguage":"de","potentialAction":[{"@type":"ReadAction","target":["https:\/\/leoneicecream.com\/de\/ueber-uns\/"]}]},{"@type":"ImageObject","inLanguage":"de","@id":"https:\/\/leoneicecream.com\/de\/ueber-uns\/#primaryimage","url":"https:\/\/leoneicecream.com\/wp-content\/uploads\/2025\/09\/Untitled-design-2024-04-10T093047.465-1b8b4387-1920w-1.webp","contentUrl":"https:\/\/leoneicecream.com\/wp-content\/uploads\/2025\/09\/Untitled-design-2024-04-10T093047.465-1b8b4387-1920w-1.webp"},{"@type":"BreadcrumbList","@id":"https:\/\/leoneicecream.com\/de\/ueber-uns\/#breadcrumb","itemListElement":[{"@type":"ListItem","position":1,"name":"Home","item":"https:\/\/leoneicecream.com\/de\/"},{"@type":"ListItem","position":2,"name":"\u00dcber uns"}]},{"@type":"WebSite","@id":"https:\/\/leoneicecream.com\/de\/#website","url":"https:\/\/leoneicecream.com\/de\/","name":"Leone sladoled","description":"100 ljudi, 100 u\u017eitkov. In en LEONE, ki najde pot do vsakega jezika.","publisher":{"@id":"https:\/\/leoneicecream.com\/de\/#organization"},"potentialAction":[{"@type":"SearchAction","target":{"@type":"EntryPoint","urlTemplate":"https:\/\/leoneicecream.com\/de\/?s={search_term_string}"},"query-input":{"@type":"PropertyValueSpecification","valueRequired":true,"valueName":"search_term_string"}}],"inLanguage":"de"},{"@type":"Organization","@id":"https:\/\/leoneicecream.com\/de\/#organization","name":"Leone sladoled","url":"https:\/\/leoneicecream.com\/de\/","logo":{"@type":"ImageObject","inLanguage":"de","@id":"https:\/\/leoneicecream.com\/de\/#\/schema\/logo\/image\/","url":"https:\/\/leoneicecream.com\/wp-content\/uploads\/2025\/09\/leone-logo-header_256px.png","contentUrl":"https:\/\/leoneicecream.com\/wp-content\/uploads\/2025\/09\/leone-logo-header_256px.png","width":256,"height":256,"caption":"Leone sladoled"},"image":{"@id":"https:\/\/leoneicecream.com\/de\/#\/schema\/logo\/image\/"}}]}},"_links":{"self":[{"href":"https:\/\/leoneicecream.com\/de\/wp-json\/wp\/v2\/pages\/1041","targetHints":{"allow":["GET"]}}],"collection":[{"href":"https:\/\/leoneicecream.com\/de\/wp-json\/wp\/v2\/pages"}],"about":[{"href":"https:\/\/leoneicecream.com\/de\/wp-json\/wp\/v2\/types\/page"}],"author":[{"embeddable":true,"href":"https:\/\/leoneicecream.com\/de\/wp-json\/wp\/v2\/users\/1"}],"replies":[{"embeddable":true,"href":"https:\/\/leoneicecream.com\/de\/wp-json\/wp\/v2\/comments?post=1041"}],"version-history":[{"count":7,"href":"https:\/\/leoneicecream.com\/de\/wp-json\/wp\/v2\/pages\/1041\/revisions"}],"predecessor-version":[{"id":4290,"href":"https:\/\/leoneicecream.com\/de\/wp-json\/wp\/v2\/pages\/1041\/revisions\/4290"}],"wp:attachment":[{"href":"https:\/\/leoneicecream.com\/de\/wp-json\/wp\/v2\/media?parent=1041"}],"curies":[{"name":"wp","href":"https:\/\/api.w.org\/{rel}","templated":true}]}}