{"id":1018,"date":"2025-09-08T12:00:21","date_gmt":"2025-09-08T12:00:21","guid":{"rendered":"https:\/\/leoneicecream.com\/wo-kaufen\/"},"modified":"2026-03-02T09:34:03","modified_gmt":"2026-03-02T09:34:03","slug":"wo-kaufen","status":"publish","type":"page","link":"https:\/\/leoneicecream.com\/de\/wo-kaufen\/","title":{"rendered":"Wo kaufen?"},"content":{"rendered":"\t\t<div data-elementor-type=\"wp-page\" data-elementor-id=\"1018\" class=\"elementor elementor-1018 elementor-54\" data-elementor-post-type=\"page\">\n\t\t\t\t<div class=\"elementor-element elementor-element-569cf81 e-flex e-con-boxed e-con e-parent\" data-id=\"569cf81\" data-element_type=\"container\" data-e-type=\"container\" data-settings=\"{&quot;background_background&quot;:&quot;classic&quot;}\">\n\t\t\t\t\t<div class=\"e-con-inner\">\n\t\t\t\t<div class=\"elementor-element elementor-element-debb9e5 elementor-widget elementor-widget-heading\" data-id=\"debb9e5\" data-element_type=\"widget\" data-e-type=\"widget\" data-widget_type=\"heading.default\">\n\t\t\t\t\t<h2 class=\"elementor-heading-title elementor-size-default\">Wo kaufen?<\/h2>\t\t\t\t<\/div>\n\t\t\t\t\t<\/div>\n\t\t\t\t<\/div>\n\t\t<div class=\"elementor-element elementor-element-3517219 e-flex e-con-boxed e-con e-parent\" data-id=\"3517219\" data-element_type=\"container\" data-e-type=\"container\" data-settings=\"{&quot;background_background&quot;:&quot;classic&quot;}\">\n\t\t\t\t\t<div class=\"e-con-inner\">\n\t\t<div class=\"elementor-element elementor-element-84e8d33 e-con-full e-flex e-con e-child\" data-id=\"84e8d33\" data-element_type=\"container\" data-e-type=\"container\">\n\t\t\t\t<div class=\"elementor-element elementor-element-bdabe35 elementor-widget elementor-widget-image\" data-id=\"bdabe35\" data-element_type=\"widget\" data-e-type=\"widget\" data-widget_type=\"image.default\">\n\t\t\t\t\t\t\t\t\t\t\t\t\t\t\t<img decoding=\"async\" width=\"150\" height=\"150\" src=\"https:\/\/leoneicecream.com\/wp-content\/uploads\/2025\/09\/images3-150x150.png\" class=\"attachment-thumbnail size-thumbnail wp-image-1025\" alt=\"\" srcset=\"https:\/\/leoneicecream.com\/wp-content\/uploads\/2025\/09\/images3-150x150.png 150w, https:\/\/leoneicecream.com\/wp-content\/uploads\/2025\/09\/images3.png 180w\" sizes=\"(max-width: 150px) 100vw, 150px\" \/>\t\t\t\t\t\t\t\t\t\t\t\t\t\t\t<\/div>\n\t\t\t\t<div class=\"elementor-element elementor-element-552b245 elementor-widget elementor-widget-heading\" data-id=\"552b245\" data-element_type=\"widget\" data-e-type=\"widget\" data-widget_type=\"heading.default\">\n\t\t\t\t\t<h1 class=\"elementor-heading-title elementor-size-default\">Mercator-Gesch\u00e4fte<\/h1>\t\t\t\t<\/div>\n\t\t\t\t<div class=\"elementor-element elementor-element-3281eae elementor-align-right elementor-widget elementor-widget-button\" data-id=\"3281eae\" data-element_type=\"widget\" data-e-type=\"widget\" data-widget_type=\"button.default\">\n\t\t\t\t\t\t\t\t\t\t<a class=\"elementor-button elementor-button-link elementor-size-sm\" href=\"https:\/\/mercatoronline.si\/brskaj#search=LEONE\" target=\"_blank\">\n\t\t\t\t\t\t<span class=\"elementor-button-content-wrapper\">\n\t\t\t\t\t\t\t\t\t<span class=\"elementor-button-text\">Gesch\u00e4ft besuchen<\/span>\n\t\t\t\t\t<\/span>\n\t\t\t\t\t<\/a>\n\t\t\t\t\t\t\t\t<\/div>\n\t\t\t\t<\/div>\n\t\t<div class=\"elementor-element elementor-element-236c152 e-con-full e-flex e-con e-child\" data-id=\"236c152\" data-element_type=\"container\" data-e-type=\"container\">\n\t\t\t\t<div class=\"elementor-element elementor-element-77fac49 elementor-widget elementor-widget-image\" data-id=\"77fac49\" data-element_type=\"widget\" data-e-type=\"widget\" data-widget_type=\"image.default\">\n\t\t\t\t\t\t\t\t\t\t\t\t\t\t\t<img fetchpriority=\"high\" decoding=\"async\" width=\"768\" height=\"576\" src=\"https:\/\/leoneicecream.com\/wp-content\/uploads\/2025\/09\/novi-hipermarket-mercator-koseze-ljubljana-4-768x576.png\" class=\"attachment-medium_large size-medium_large wp-image-1036\" alt=\"\" srcset=\"https:\/\/leoneicecream.com\/wp-content\/uploads\/2025\/09\/novi-hipermarket-mercator-koseze-ljubljana-4-768x576.png 768w, https:\/\/leoneicecream.com\/wp-content\/uploads\/2025\/09\/novi-hipermarket-mercator-koseze-ljubljana-4-300x225.png 300w, https:\/\/leoneicecream.com\/wp-content\/uploads\/2025\/09\/novi-hipermarket-mercator-koseze-ljubljana-4-1024x768.png 1024w, https:\/\/leoneicecream.com\/wp-content\/uploads\/2025\/09\/novi-hipermarket-mercator-koseze-ljubljana-4-1536x1152.png 1536w, https:\/\/leoneicecream.com\/wp-content\/uploads\/2025\/09\/novi-hipermarket-mercator-koseze-ljubljana-4.png 1600w\" sizes=\"(max-width: 768px) 100vw, 768px\" \/>\t\t\t\t\t\t\t\t\t\t\t\t\t\t\t<\/div>\n\t\t\t\t<\/div>\n\t\t\t\t\t<\/div>\n\t\t\t\t<\/div>\n\t\t<div class=\"elementor-element elementor-element-ca8cc51 e-flex e-con-boxed e-con e-parent\" data-id=\"ca8cc51\" data-element_type=\"container\" data-e-type=\"container\" data-settings=\"{&quot;background_background&quot;:&quot;classic&quot;}\">\n\t\t\t\t\t<div class=\"e-con-inner\">\n\t\t<div class=\"elementor-element elementor-element-49f3ab3 e-con-full e-flex e-con e-child\" data-id=\"49f3ab3\" data-element_type=\"container\" data-e-type=\"container\">\n\t\t\t\t<div class=\"elementor-element elementor-element-d2aa204 elementor-widget elementor-widget-image\" data-id=\"d2aa204\" data-element_type=\"widget\" data-e-type=\"widget\" data-widget_type=\"image.default\">\n\t\t\t\t\t\t\t\t\t\t\t\t\t\t\t<img decoding=\"async\" width=\"768\" height=\"576\" src=\"https:\/\/leoneicecream.com\/wp-content\/uploads\/2025\/09\/Spica-Spar-Customer-Story-768x576.png\" class=\"attachment-medium_large size-medium_large wp-image-1020\" alt=\"\" srcset=\"https:\/\/leoneicecream.com\/wp-content\/uploads\/2025\/09\/Spica-Spar-Customer-Story-768x576.png 768w, https:\/\/leoneicecream.com\/wp-content\/uploads\/2025\/09\/Spica-Spar-Customer-Story-300x225.png 300w, https:\/\/leoneicecream.com\/wp-content\/uploads\/2025\/09\/Spica-Spar-Customer-Story.png 1024w\" sizes=\"(max-width: 768px) 100vw, 768px\" \/>\t\t\t\t\t\t\t\t\t\t\t\t\t\t\t<\/div>\n\t\t\t\t<\/div>\n\t\t<div class=\"elementor-element elementor-element-773e142 e-con-full e-flex e-con e-child\" data-id=\"773e142\" data-element_type=\"container\" data-e-type=\"container\">\n\t\t\t\t<div class=\"elementor-element elementor-element-df3d832 elementor-widget elementor-widget-image\" data-id=\"df3d832\" data-element_type=\"widget\" data-e-type=\"widget\" data-widget_type=\"image.default\">\n\t\t\t\t\t\t\t\t\t\t\t\t\t\t\t<img loading=\"lazy\" decoding=\"async\" width=\"150\" height=\"150\" src=\"https:\/\/leoneicecream.com\/wp-content\/uploads\/2025\/09\/spar-logo-150x150.png\" class=\"attachment-thumbnail size-thumbnail wp-image-1019\" alt=\"\" \/>\t\t\t\t\t\t\t\t\t\t\t\t\t\t\t<\/div>\n\t\t\t\t<div class=\"elementor-element elementor-element-6ca66b8 elementor-widget elementor-widget-heading\" data-id=\"6ca66b8\" data-element_type=\"widget\" data-e-type=\"widget\" data-widget_type=\"heading.default\">\n\t\t\t\t\t<h1 class=\"elementor-heading-title elementor-size-default\">Spar-Gesch\u00e4fte<\/h1>\t\t\t\t<\/div>\n\t\t\t\t<div class=\"elementor-element elementor-element-b8a6f81 elementor-align-left elementor-widget elementor-widget-button\" data-id=\"b8a6f81\" data-element_type=\"widget\" data-e-type=\"widget\" data-widget_type=\"button.default\">\n\t\t\t\t\t\t\t\t\t\t<a class=\"elementor-button elementor-button-link elementor-size-sm\" href=\"https:\/\/online.spar.si\/search?name=LEONE\" target=\"_blank\">\n\t\t\t\t\t\t<span class=\"elementor-button-content-wrapper\">\n\t\t\t\t\t\t\t\t\t<span class=\"elementor-button-text\">Gesch\u00e4ft besuchen<\/span>\n\t\t\t\t\t<\/span>\n\t\t\t\t\t<\/a>\n\t\t\t\t\t\t\t\t<\/div>\n\t\t\t\t<\/div>\n\t\t\t\t\t<\/div>\n\t\t\t\t<\/div>\n\t\t<div class=\"elementor-element elementor-element-7d27c22 e-flex e-con-boxed e-con e-parent\" data-id=\"7d27c22\" data-element_type=\"container\" data-e-type=\"container\" data-settings=\"{&quot;background_background&quot;:&quot;classic&quot;}\">\n\t\t\t\t\t<div class=\"e-con-inner\">\n\t\t<div class=\"elementor-element elementor-element-2cba96d e-con-full e-flex e-con e-child\" data-id=\"2cba96d\" data-element_type=\"container\" data-e-type=\"container\">\n\t\t\t\t<div class=\"elementor-element elementor-element-c5ff0f2 elementor-widget elementor-widget-image\" data-id=\"c5ff0f2\" data-element_type=\"widget\" data-e-type=\"widget\" data-widget_type=\"image.default\">\n\t\t\t\t\t\t\t\t\t\t\t\t\t\t\t<img loading=\"lazy\" decoding=\"async\" width=\"142\" height=\"142\" src=\"https:\/\/leoneicecream.com\/wp-content\/uploads\/2025\/09\/logo_tus.webp\" class=\"attachment-thumbnail size-thumbnail wp-image-1027\" alt=\"\" \/>\t\t\t\t\t\t\t\t\t\t\t\t\t\t\t<\/div>\n\t\t\t\t<div class=\"elementor-element elementor-element-22aa1d9 elementor-widget elementor-widget-heading\" data-id=\"22aa1d9\" data-element_type=\"widget\" data-e-type=\"widget\" data-widget_type=\"heading.default\">\n\t\t\t\t\t<h1 class=\"elementor-heading-title elementor-size-default\">Tu\u0161-Gesch\u00e4fte<\/h1>\t\t\t\t<\/div>\n\t\t\t\t<div class=\"elementor-element elementor-element-e69c660 elementor-align-right elementor-widget elementor-widget-button\" data-id=\"e69c660\" data-element_type=\"widget\" data-e-type=\"widget\" data-widget_type=\"button.default\">\n\t\t\t\t\t\t\t\t\t\t<a class=\"elementor-button elementor-button-link elementor-size-sm\" href=\"https:\/\/hitrinakup.com\/iskanje?string=leone%20\" target=\"_blank\">\n\t\t\t\t\t\t<span class=\"elementor-button-content-wrapper\">\n\t\t\t\t\t\t\t\t\t<span class=\"elementor-button-text\">Gesch\u00e4ft besuchen<\/span>\n\t\t\t\t\t<\/span>\n\t\t\t\t\t<\/a>\n\t\t\t\t\t\t\t\t<\/div>\n\t\t\t\t<\/div>\n\t\t<div class=\"elementor-element elementor-element-53c74f2 e-con-full e-flex e-con e-child\" data-id=\"53c74f2\" data-element_type=\"container\" data-e-type=\"container\">\n\t\t\t\t<div class=\"elementor-element elementor-element-e9e5aeb elementor-widget elementor-widget-image\" data-id=\"e9e5aeb\" data-element_type=\"widget\" data-e-type=\"widget\" data-widget_type=\"image.default\">\n\t\t\t\t\t\t\t\t\t\t\t\t\t\t\t<img loading=\"lazy\" decoding=\"async\" width=\"768\" height=\"512\" src=\"https:\/\/leoneicecream.com\/wp-content\/uploads\/2025\/09\/IRM_7350-1-768x512.png\" class=\"attachment-medium_large size-medium_large wp-image-1021\" alt=\"\" srcset=\"https:\/\/leoneicecream.com\/wp-content\/uploads\/2025\/09\/IRM_7350-1-768x512.png 768w, https:\/\/leoneicecream.com\/wp-content\/uploads\/2025\/09\/IRM_7350-1-300x200.png 300w, https:\/\/leoneicecream.com\/wp-content\/uploads\/2025\/09\/IRM_7350-1-1024x683.png 1024w, https:\/\/leoneicecream.com\/wp-content\/uploads\/2025\/09\/IRM_7350-1-1536x1024.png 1536w, https:\/\/leoneicecream.com\/wp-content\/uploads\/2025\/09\/IRM_7350-1.png 1920w\" sizes=\"(max-width: 768px) 100vw, 768px\" \/>\t\t\t\t\t\t\t\t\t\t\t\t\t\t\t<\/div>\n\t\t\t\t<\/div>\n\t\t\t\t\t<\/div>\n\t\t\t\t<\/div>\n\t\t<div class=\"elementor-element elementor-element-1bc63e3 e-flex e-con-boxed e-con e-parent\" data-id=\"1bc63e3\" data-element_type=\"container\" data-e-type=\"container\" data-settings=\"{&quot;background_background&quot;:&quot;classic&quot;}\">\n\t\t\t\t\t<div class=\"e-con-inner\">\n\t\t<div class=\"elementor-element elementor-element-37a4e67 e-con-full e-flex e-con e-child\" data-id=\"37a4e67\" data-element_type=\"container\" data-e-type=\"container\">\n\t\t\t\t<div class=\"elementor-element elementor-element-8a2f914 elementor-widget elementor-widget-image\" data-id=\"8a2f914\" data-element_type=\"widget\" data-e-type=\"widget\" data-widget_type=\"image.default\">\n\t\t\t\t\t\t\t\t\t\t\t\t\t\t\t<img loading=\"lazy\" decoding=\"async\" width=\"680\" height=\"453\" src=\"https:\/\/leoneicecream.com\/wp-content\/uploads\/2025\/09\/2024-08-26.webp\" class=\"attachment-medium_large size-medium_large wp-image-1030\" alt=\"\" \/>\t\t\t\t\t\t\t\t\t\t\t\t\t\t\t<\/div>\n\t\t\t\t<\/div>\n\t\t<div class=\"elementor-element elementor-element-76f98f9 e-con-full e-flex e-con e-child\" data-id=\"76f98f9\" data-element_type=\"container\" data-e-type=\"container\">\n\t\t\t\t<div class=\"elementor-element elementor-element-767a831 elementor-widget elementor-widget-image\" data-id=\"767a831\" data-element_type=\"widget\" data-e-type=\"widget\" data-widget_type=\"image.default\">\n\t\t\t\t\t\t\t\t\t\t\t\t\t\t\t<img loading=\"lazy\" decoding=\"async\" width=\"150\" height=\"150\" src=\"https:\/\/leoneicecream.com\/wp-content\/uploads\/2025\/09\/Logo_E.Leclerc_Sans_le_texte.svg_-150x150.png\" class=\"attachment-thumbnail size-thumbnail wp-image-1022\" alt=\"\" srcset=\"https:\/\/leoneicecream.com\/wp-content\/uploads\/2025\/09\/Logo_E.Leclerc_Sans_le_texte.svg_-150x150.png 150w, https:\/\/leoneicecream.com\/wp-content\/uploads\/2025\/09\/Logo_E.Leclerc_Sans_le_texte.svg_-300x300.png 300w, https:\/\/leoneicecream.com\/wp-content\/uploads\/2025\/09\/Logo_E.Leclerc_Sans_le_texte.svg_-1024x1024.png 1024w, https:\/\/leoneicecream.com\/wp-content\/uploads\/2025\/09\/Logo_E.Leclerc_Sans_le_texte.svg_-768x768.png 768w, https:\/\/leoneicecream.com\/wp-content\/uploads\/2025\/09\/Logo_E.Leclerc_Sans_le_texte.svg_-1536x1536.png 1536w, https:\/\/leoneicecream.com\/wp-content\/uploads\/2025\/09\/Logo_E.Leclerc_Sans_le_texte.svg_.png 1920w\" sizes=\"(max-width: 150px) 100vw, 150px\" \/>\t\t\t\t\t\t\t\t\t\t\t\t\t\t\t<\/div>\n\t\t\t\t<div class=\"elementor-element elementor-element-5752aea elementor-widget elementor-widget-heading\" data-id=\"5752aea\" data-element_type=\"widget\" data-e-type=\"widget\" data-widget_type=\"heading.default\">\n\t\t\t\t\t<h1 class=\"elementor-heading-title elementor-size-default\">Leclerc-Gesch\u00e4fte<\/h1>\t\t\t\t<\/div>\n\t\t\t\t<div class=\"elementor-element elementor-element-d48b67e elementor-align-left elementor-widget elementor-widget-button\" data-id=\"d48b67e\" data-element_type=\"widget\" data-e-type=\"widget\" data-widget_type=\"button.default\">\n\t\t\t\t\t\t\t\t\t\t<a class=\"elementor-button elementor-button-link elementor-size-sm\" href=\"https:\/\/www.e-leclerc.si\/\" target=\"_blank\">\n\t\t\t\t\t\t<span class=\"elementor-button-content-wrapper\">\n\t\t\t\t\t\t\t\t\t<span class=\"elementor-button-text\">Gesch\u00e4ft besuchen<\/span>\n\t\t\t\t\t<\/span>\n\t\t\t\t\t<\/a>\n\t\t\t\t\t\t\t\t<\/div>\n\t\t\t\t<\/div>\n\t\t\t\t\t<\/div>\n\t\t\t\t<\/div>\n\t\t<div class=\"elementor-element elementor-element-05ab736 e-flex e-con-boxed e-con e-parent\" data-id=\"05ab736\" data-element_type=\"container\" data-e-type=\"container\" data-settings=\"{&quot;background_background&quot;:&quot;classic&quot;}\">\n\t\t\t\t\t<div class=\"e-con-inner\">\n\t\t<div class=\"elementor-element elementor-element-3dd94d1 e-con-full e-flex e-con e-child\" data-id=\"3dd94d1\" data-element_type=\"container\" data-e-type=\"container\">\n\t\t\t\t<div class=\"elementor-element elementor-element-fd61018 elementor-widget elementor-widget-image\" data-id=\"fd61018\" data-element_type=\"widget\" data-e-type=\"widget\" data-widget_type=\"image.default\">\n\t\t\t\t\t\t\t\t\t\t\t\t\t\t\t<img loading=\"lazy\" decoding=\"async\" width=\"300\" height=\"148\" src=\"https:\/\/leoneicecream.com\/wp-content\/uploads\/2025\/09\/LeonelogovectorPINKI-300x148.png\" class=\"attachment-medium size-medium wp-image-1033\" alt=\"\" srcset=\"https:\/\/leoneicecream.com\/wp-content\/uploads\/2025\/09\/LeonelogovectorPINKI-300x148.png 300w, https:\/\/leoneicecream.com\/wp-content\/uploads\/2025\/09\/LeonelogovectorPINKI-768x380.png 768w, https:\/\/leoneicecream.com\/wp-content\/uploads\/2025\/09\/LeonelogovectorPINKI.png 841w\" sizes=\"(max-width: 300px) 100vw, 300px\" \/>\t\t\t\t\t\t\t\t\t\t\t\t\t\t\t<\/div>\n\t\t\t\t<div class=\"elementor-element elementor-element-960800a elementor-widget elementor-widget-heading\" data-id=\"960800a\" data-element_type=\"widget\" data-e-type=\"widget\" data-widget_type=\"heading.default\">\n\t\t\t\t\t<h1 class=\"elementor-heading-title elementor-size-default\">LEONE-Gesch\u00e4fte<\/h1>\t\t\t\t<\/div>\n\t\t\t\t<div class=\"elementor-element elementor-element-3fec96a elementor-align-right elementor-widget elementor-widget-button\" data-id=\"3fec96a\" data-element_type=\"widget\" data-e-type=\"widget\" data-widget_type=\"button.default\">\n\t\t\t\t\t\t\t\t\t\t<a class=\"elementor-button elementor-button-link elementor-size-sm\" href=\"https:\/\/incomleone.com\/sl\/nase-trgovine\/\" target=\"_blank\">\n\t\t\t\t\t\t<span class=\"elementor-button-content-wrapper\">\n\t\t\t\t\t\t\t\t\t<span class=\"elementor-button-text\">Gesch\u00e4ft besuchen<\/span>\n\t\t\t\t\t<\/span>\n\t\t\t\t\t<\/a>\n\t\t\t\t\t\t\t\t<\/div>\n\t\t\t\t<\/div>\n\t\t<div class=\"elementor-element elementor-element-a506a01 e-con-full e-flex e-con e-child\" data-id=\"a506a01\" data-element_type=\"container\" data-e-type=\"container\">\n\t\t\t\t<div class=\"elementor-element elementor-element-84e4543 elementor-widget elementor-widget-image\" data-id=\"84e4543\" data-element_type=\"widget\" data-e-type=\"widget\" data-widget_type=\"image.default\">\n\t\t\t\t\t\t\t\t\t\t\t\t\t\t\t<img loading=\"lazy\" decoding=\"async\" width=\"768\" height=\"512\" src=\"https:\/\/leoneicecream.com\/wp-content\/uploads\/2025\/09\/leone_trgovina_01_lr-min1-768x512.png\" class=\"attachment-medium_large size-medium_large wp-image-1032\" alt=\"\" srcset=\"https:\/\/leoneicecream.com\/wp-content\/uploads\/2025\/09\/leone_trgovina_01_lr-min1-768x512.png 768w, https:\/\/leoneicecream.com\/wp-content\/uploads\/2025\/09\/leone_trgovina_01_lr-min1-300x200.png 300w, https:\/\/leoneicecream.com\/wp-content\/uploads\/2025\/09\/leone_trgovina_01_lr-min1-1024x683.png 1024w, https:\/\/leoneicecream.com\/wp-content\/uploads\/2025\/09\/leone_trgovina_01_lr-min1.png 1500w\" sizes=\"(max-width: 768px) 100vw, 768px\" \/>\t\t\t\t\t\t\t\t\t\t\t\t\t\t\t<\/div>\n\t\t\t\t<\/div>\n\t\t\t\t\t<\/div>\n\t\t\t\t<\/div>\n\t\t\t\t<\/div>\n\t\t","protected":false},"excerpt":{"rendered":"<p>Wo kaufen? Mercator-Gesch\u00e4fte Gesch\u00e4ft besuchen Spar-Gesch\u00e4fte Gesch\u00e4ft besuchen Tu\u0161-Gesch\u00e4fte Gesch\u00e4ft besuchen Leclerc-Gesch\u00e4fte Gesch\u00e4ft besuchen LEONE-Gesch\u00e4fte Gesch\u00e4ft besuchen<\/p>\n","protected":false},"author":1,"featured_media":0,"parent":0,"menu_order":0,"comment_status":"closed","ping_status":"closed","template":"","meta":{"footnotes":""},"class_list":["post-1018","page","type-page","status-publish","hentry"],"yoast_head":"<!-- This site is optimized with the Yoast SEO plugin v26.8 - https:\/\/yoast.com\/product\/yoast-seo-wordpress\/ -->\n<title>Wo kaufen? - Leone sladoled<\/title>\n<meta name=\"description\" content=\"Leone Eis erhalten Sie in allen gro\u00dfen Einzelhandelsketten. Pr\u00fcfen Sie, wo es \u00fcberall verf\u00fcgbar ist.\" \/>\n<meta name=\"robots\" content=\"index, follow, max-snippet:-1, max-image-preview:large, max-video-preview:-1\" \/>\n<link rel=\"canonical\" href=\"https:\/\/leoneicecream.com\/de\/wo-kaufen\/\" \/>\n<meta property=\"og:locale\" content=\"de_DE\" \/>\n<meta property=\"og:type\" content=\"article\" \/>\n<meta property=\"og:title\" content=\"Wo kann man LEONE Eis kaufen?\" \/>\n<meta property=\"og:description\" content=\"Leone Eis erhalten Sie in allen gro\u00dfen Einzelhandelsketten. Pr\u00fcfen Sie, wo es \u00fcberall verf\u00fcgbar ist.\" \/>\n<meta property=\"og:url\" content=\"https:\/\/leoneicecream.com\/de\/wo-kaufen\/\" \/>\n<meta property=\"og:site_name\" content=\"Leone sladoled\" \/>\n<meta property=\"article:modified_time\" content=\"2026-03-02T09:34:03+00:00\" \/>\n<meta property=\"og:image\" content=\"https:\/\/leoneicecream.com\/wp-content\/uploads\/2025\/09\/images3-150x150.png\" \/>\n<meta name=\"twitter:card\" content=\"summary_large_image\" \/>\n<meta name=\"twitter:label1\" content=\"Gesch\u00e4tzte Lesezeit\" \/>\n\t<meta name=\"twitter:data1\" content=\"1\u00a0Minute\" \/>\n<script type=\"application\/ld+json\" class=\"yoast-schema-graph\">{\"@context\":\"https:\/\/schema.org\",\"@graph\":[{\"@type\":\"WebPage\",\"@id\":\"https:\/\/leoneicecream.com\/de\/wo-kaufen\/\",\"url\":\"https:\/\/leoneicecream.com\/de\/wo-kaufen\/\",\"name\":\"Wo kaufen? - Leone sladoled\",\"isPartOf\":{\"@id\":\"https:\/\/leoneicecream.com\/de\/#website\"},\"primaryImageOfPage\":{\"@id\":\"https:\/\/leoneicecream.com\/de\/wo-kaufen\/#primaryimage\"},\"image\":{\"@id\":\"https:\/\/leoneicecream.com\/de\/wo-kaufen\/#primaryimage\"},\"thumbnailUrl\":\"https:\/\/leoneicecream.com\/wp-content\/uploads\/2025\/09\/images3-150x150.png\",\"datePublished\":\"2025-09-08T12:00:21+00:00\",\"dateModified\":\"2026-03-02T09:34:03+00:00\",\"description\":\"Leone Eis erhalten Sie in allen gro\u00dfen Einzelhandelsketten. Pr\u00fcfen Sie, wo es \u00fcberall verf\u00fcgbar ist.\",\"breadcrumb\":{\"@id\":\"https:\/\/leoneicecream.com\/de\/wo-kaufen\/#breadcrumb\"},\"inLanguage\":\"de\",\"potentialAction\":[{\"@type\":\"ReadAction\",\"target\":[\"https:\/\/leoneicecream.com\/de\/wo-kaufen\/\"]}]},{\"@type\":\"ImageObject\",\"inLanguage\":\"de\",\"@id\":\"https:\/\/leoneicecream.com\/de\/wo-kaufen\/#primaryimage\",\"url\":\"https:\/\/leoneicecream.com\/wp-content\/uploads\/2025\/09\/images3-150x150.png\",\"contentUrl\":\"https:\/\/leoneicecream.com\/wp-content\/uploads\/2025\/09\/images3-150x150.png\"},{\"@type\":\"BreadcrumbList\",\"@id\":\"https:\/\/leoneicecream.com\/de\/wo-kaufen\/#breadcrumb\",\"itemListElement\":[{\"@type\":\"ListItem\",\"position\":1,\"name\":\"Home\",\"item\":\"https:\/\/leoneicecream.com\/de\/\"},{\"@type\":\"ListItem\",\"position\":2,\"name\":\"Wo kaufen?\"}]},{\"@type\":\"WebSite\",\"@id\":\"https:\/\/leoneicecream.com\/de\/#website\",\"url\":\"https:\/\/leoneicecream.com\/de\/\",\"name\":\"Leone sladoled\",\"description\":\"100 ljudi, 100 u\u017eitkov. In en LEONE, ki najde pot do vsakega jezika.\",\"publisher\":{\"@id\":\"https:\/\/leoneicecream.com\/de\/#organization\"},\"potentialAction\":[{\"@type\":\"SearchAction\",\"target\":{\"@type\":\"EntryPoint\",\"urlTemplate\":\"https:\/\/leoneicecream.com\/de\/?s={search_term_string}\"},\"query-input\":{\"@type\":\"PropertyValueSpecification\",\"valueRequired\":true,\"valueName\":\"search_term_string\"}}],\"inLanguage\":\"de\"},{\"@type\":\"Organization\",\"@id\":\"https:\/\/leoneicecream.com\/de\/#organization\",\"name\":\"Leone sladoled\",\"url\":\"https:\/\/leoneicecream.com\/de\/\",\"logo\":{\"@type\":\"ImageObject\",\"inLanguage\":\"de\",\"@id\":\"https:\/\/leoneicecream.com\/de\/#\/schema\/logo\/image\/\",\"url\":\"https:\/\/leoneicecream.com\/wp-content\/uploads\/2025\/09\/leone-logo-header_256px.png\",\"contentUrl\":\"https:\/\/leoneicecream.com\/wp-content\/uploads\/2025\/09\/leone-logo-header_256px.png\",\"width\":256,\"height\":256,\"caption\":\"Leone sladoled\"},\"image\":{\"@id\":\"https:\/\/leoneicecream.com\/de\/#\/schema\/logo\/image\/\"}}]}<\/script>\n<!-- \/ Yoast SEO plugin. -->","yoast_head_json":{"title":"Wo kaufen? - Leone sladoled","description":"Leone Eis erhalten Sie in allen gro\u00dfen Einzelhandelsketten. Pr\u00fcfen Sie, wo es \u00fcberall verf\u00fcgbar ist.","robots":{"index":"index","follow":"follow","max-snippet":"max-snippet:-1","max-image-preview":"max-image-preview:large","max-video-preview":"max-video-preview:-1"},"canonical":"https:\/\/leoneicecream.com\/de\/wo-kaufen\/","og_locale":"de_DE","og_type":"article","og_title":"Wo kann man LEONE Eis kaufen?","og_description":"Leone Eis erhalten Sie in allen gro\u00dfen Einzelhandelsketten. Pr\u00fcfen Sie, wo es \u00fcberall verf\u00fcgbar ist.","og_url":"https:\/\/leoneicecream.com\/de\/wo-kaufen\/","og_site_name":"Leone sladoled","article_modified_time":"2026-03-02T09:34:03+00:00","og_image":[{"url":"https:\/\/leoneicecream.com\/wp-content\/uploads\/2025\/09\/images3-150x150.png","type":"","width":"","height":""}],"twitter_card":"summary_large_image","twitter_misc":{"Gesch\u00e4tzte Lesezeit":"1\u00a0Minute"},"schema":{"@context":"https:\/\/schema.org","@graph":[{"@type":"WebPage","@id":"https:\/\/leoneicecream.com\/de\/wo-kaufen\/","url":"https:\/\/leoneicecream.com\/de\/wo-kaufen\/","name":"Wo kaufen? - Leone sladoled","isPartOf":{"@id":"https:\/\/leoneicecream.com\/de\/#website"},"primaryImageOfPage":{"@id":"https:\/\/leoneicecream.com\/de\/wo-kaufen\/#primaryimage"},"image":{"@id":"https:\/\/leoneicecream.com\/de\/wo-kaufen\/#primaryimage"},"thumbnailUrl":"https:\/\/leoneicecream.com\/wp-content\/uploads\/2025\/09\/images3-150x150.png","datePublished":"2025-09-08T12:00:21+00:00","dateModified":"2026-03-02T09:34:03+00:00","description":"Leone Eis erhalten Sie in allen gro\u00dfen Einzelhandelsketten. Pr\u00fcfen Sie, wo es \u00fcberall verf\u00fcgbar ist.","breadcrumb":{"@id":"https:\/\/leoneicecream.com\/de\/wo-kaufen\/#breadcrumb"},"inLanguage":"de","potentialAction":[{"@type":"ReadAction","target":["https:\/\/leoneicecream.com\/de\/wo-kaufen\/"]}]},{"@type":"ImageObject","inLanguage":"de","@id":"https:\/\/leoneicecream.com\/de\/wo-kaufen\/#primaryimage","url":"https:\/\/leoneicecream.com\/wp-content\/uploads\/2025\/09\/images3-150x150.png","contentUrl":"https:\/\/leoneicecream.com\/wp-content\/uploads\/2025\/09\/images3-150x150.png"},{"@type":"BreadcrumbList","@id":"https:\/\/leoneicecream.com\/de\/wo-kaufen\/#breadcrumb","itemListElement":[{"@type":"ListItem","position":1,"name":"Home","item":"https:\/\/leoneicecream.com\/de\/"},{"@type":"ListItem","position":2,"name":"Wo kaufen?"}]},{"@type":"WebSite","@id":"https:\/\/leoneicecream.com\/de\/#website","url":"https:\/\/leoneicecream.com\/de\/","name":"Leone sladoled","description":"100 ljudi, 100 u\u017eitkov. In en LEONE, ki najde pot do vsakega jezika.","publisher":{"@id":"https:\/\/leoneicecream.com\/de\/#organization"},"potentialAction":[{"@type":"SearchAction","target":{"@type":"EntryPoint","urlTemplate":"https:\/\/leoneicecream.com\/de\/?s={search_term_string}"},"query-input":{"@type":"PropertyValueSpecification","valueRequired":true,"valueName":"search_term_string"}}],"inLanguage":"de"},{"@type":"Organization","@id":"https:\/\/leoneicecream.com\/de\/#organization","name":"Leone sladoled","url":"https:\/\/leoneicecream.com\/de\/","logo":{"@type":"ImageObject","inLanguage":"de","@id":"https:\/\/leoneicecream.com\/de\/#\/schema\/logo\/image\/","url":"https:\/\/leoneicecream.com\/wp-content\/uploads\/2025\/09\/leone-logo-header_256px.png","contentUrl":"https:\/\/leoneicecream.com\/wp-content\/uploads\/2025\/09\/leone-logo-header_256px.png","width":256,"height":256,"caption":"Leone sladoled"},"image":{"@id":"https:\/\/leoneicecream.com\/de\/#\/schema\/logo\/image\/"}}]}},"_links":{"self":[{"href":"https:\/\/leoneicecream.com\/de\/wp-json\/wp\/v2\/pages\/1018","targetHints":{"allow":["GET"]}}],"collection":[{"href":"https:\/\/leoneicecream.com\/de\/wp-json\/wp\/v2\/pages"}],"about":[{"href":"https:\/\/leoneicecream.com\/de\/wp-json\/wp\/v2\/types\/page"}],"author":[{"embeddable":true,"href":"https:\/\/leoneicecream.com\/de\/wp-json\/wp\/v2\/users\/1"}],"replies":[{"embeddable":true,"href":"https:\/\/leoneicecream.com\/de\/wp-json\/wp\/v2\/comments?post=1018"}],"version-history":[{"count":24,"href":"https:\/\/leoneicecream.com\/de\/wp-json\/wp\/v2\/pages\/1018\/revisions"}],"predecessor-version":[{"id":4301,"href":"https:\/\/leoneicecream.com\/de\/wp-json\/wp\/v2\/pages\/1018\/revisions\/4301"}],"wp:attachment":[{"href":"https:\/\/leoneicecream.com\/de\/wp-json\/wp\/v2\/media?parent=1018"}],"curies":[{"name":"wp","href":"https:\/\/api.w.org\/{rel}","templated":true}]}}